{"id":865,"date":"2025-06-18T14:18:29","date_gmt":"2025-06-18T12:18:29","guid":{"rendered":"https:\/\/alfadescanso.com\/?post_type=product&#038;p=865"},"modified":"2025-09-26T22:21:06","modified_gmt":"2025-09-26T20:21:06","slug":"espaldin","status":"publish","type":"product","link":"https:\/\/alfadescanso.com\/index.php\/producto\/espaldin\/","title":{"rendered":"ESPALDIN"},"content":{"rendered":"<p class=\"MsoNormal\" style=\"margin-bottom: 6.75pt; line-height: normal; background: #FFFFFF;\"><span style=\"font-size: 12pt; font-family: 'PT Sans', sans-serif; color: #333333;\">El colch\u00f3n Espaldin est\u00e1 compuesto por nuestro n\u00facleo de 15 cm de Comfort Cloud Foam<\/span><span style=\"color: #333333; font-family: 'PT Sans', sans-serif; font-size: 16px;\">\u00ae <\/span><span style=\"color: #333333; font-family: 'PT Sans', sans-serif; font-size: 12pt;\">que combinado con una viscoel\u00e1stica altamente adaptable ayuda a mantener una correcta postura para dormir. Destaca por su media firmeza y transpirabilidad m\u00e1xima, lo que tambi\u00e9n ayuda a mantener una temperatura \u00f3ptima durante el descanso.<\/span><\/p>\n<p class=\"MsoNormal\" style=\"margin-bottom: 6.75pt; line-height: normal; background: #FFFFFF;\"><span style=\"font-size: 12pt; font-family: 'PT Sans', sans-serif; color: #333333;\"><img loading=\"lazy\" decoding=\"async\" src=\"https:\/\/koraldescanso.com\/img\/cms\/Marcas%20de%20Categorias\/ALFA%20QUALITY%20CONTROL.png\" alt=\"\" width=\"76\" height=\"41\" \/>\u00a0 \u00a0Este producto est\u00e1 elaborado en nuestras instalaciones pasando por un exhaustivo control de gesti\u00f3n y calidad.<\/span><\/p>\n<p class=\"MsoNormal\" style=\"margin-bottom: 6.75pt; line-height: normal; background: #FFFFFF;\">\n<p class=\"MsoNormal\" style=\"margin-bottom: 6.75pt; text-align: center; line-height: normal; background: #FFFFFF;\" align=\"center\"><span style=\"font-size: 10.5pt; font-family: Montserrat; color: #333333;\"><img loading=\"lazy\" decoding=\"async\" src=\"https:\/\/koraldescanso.com\/img\/cms\/Colchones\/Colchon-ESPALDIN-Capas-Texto.jpg\" alt=\"Colchon-ROYAL-Capas-Con-Texto.jpg\" width=\"800\" height=\"800\" \/><\/span><\/p>\n<p class=\"MsoNormal\" style=\"margin-bottom: 6.75pt; line-height: normal; background: #ffffff;\"><b><span style=\"font-size: 14pt; font-family: 'PT Sans', sans-serif;\"><img loading=\"lazy\" decoding=\"async\" src=\"https:\/\/koraldescanso.com\/img\/cms\/Marcas%20de%20Categorias\/Pedidos%20Negativo.png\" alt=\"Pedidos Negativo.png\" width=\"60\" height=\"60\" \/><span style=\"color: #000000;\">Informaci\u00f3n sobre env\u00edo<\/span><\/span><\/b><\/p>\n<p><span style=\"color: #000000;\"><img loading=\"lazy\" decoding=\"async\" style=\"font-family: Montserrat; font-size: 18.6667px;\" src=\"https:\/\/koraldescanso.com\/img\/cms\/FABRICACION.png\" alt=\"LogotipoDescripci\u00f3n generada autom\u00e1ticamente con confianza media\" width=\"41\" height=\"37\" \/><span style=\"font-family: 'PT Sans', sans-serif; font-size: 16px; background-color: #ffffff;\">Fabricaci\u00f3n en menos de 24h laborables.<\/span><\/span><\/p>\n<p class=\"MsoNormal\" style=\"margin-bottom: 12pt; line-height: normal; background: #FFFFFF;\"><span style=\"color: #000000;\"><span style=\"font-size: 14pt; font-family: Montserrat;\"><img loading=\"lazy\" decoding=\"async\" src=\"https:\/\/koraldescanso.com\/img\/cms\/TRANSPORTE.png\" alt=\"LogotipoDescripci\u00f3n generada autom\u00e1ticamente con confianza media\" width=\"41\" height=\"37\" \/><\/span><span style=\"font-size: 12pt; font-family: 'PT Sans', sans-serif;\">Env\u00edo con total disponibilidad a tienda, cliente final y recogida en nuestros almacenes.<\/span><\/span><\/p>\n<p class=\"MsoNormal\" style=\"margin-bottom: 12pt; line-height: normal; background: #FFFFFF;\"><span style=\"color: #000000;\"><span style=\"font-size: 14pt; font-family: Montserrat;\"><img loading=\"lazy\" decoding=\"async\" src=\"https:\/\/koraldescanso.com\/img\/cms\/ENTREGAS.png\" alt=\"LogotipoDescripci\u00f3n generada autom\u00e1ticamente con confianza media\" width=\"41\" height=\"35\" \/><\/span><span style=\"font-size: 12pt; font-family: 'PT Sans', sans-serif;\">Entrega en 48\/72h laborables.<\/span><\/span><\/p>\n<p class=\"MsoNormal\" style=\"margin-bottom: 12pt; line-height: normal; background: #FFFFFF;\"><span style=\"font-size: 12pt; font-family: 'PT Sans', sans-serif; color: #000000;\"><span style=\"font-size: 12pt; font-family: 'PT Sans', sans-serif;\"><img loading=\"lazy\" decoding=\"async\" src=\"https:\/\/koraldescanso.com\/img\/cms\/Marcas%20de%20Categorias\/Logo%20EXPRESS%20KORAL.png\" alt=\"Imagen que contiene dibujoDescripci\u00f3n generada autom\u00e1ticamente\" width=\"80\" height=\"19\" \/><\/span><span style=\"font-size: 12pt; font-family: 'PT Sans', sans-serif;\">\u00a0<b>\u00a1Producto<\/b>\u00a0<\/span><span style=\"color: #7cd320;\"><b><span style=\"font-size: 12pt; font-family: 'PT Sans', sans-serif;\">disponible<\/span><\/b><\/span><b style=\"font-family: Verdana, Arial, Helvetica, sans-serif; font-size: 11px; background-color: #fafbfc;\"><span style=\"font-size: 12pt; font-family: 'PT Sans', sans-serif;\"><span style=\"color: #7cd320;\">\u00a0<\/span>para env\u00edo con Express KORAL!<\/span><\/b><\/span><\/p>\n<p class=\"MsoNormal\" style=\"line-height: normal;\"><span style=\"font-size: 8.5pt; font-family: Verdana, sans-serif; color: #000000;\">\u00a0<\/span><\/p>\n<p class=\"MsoNormal\" style=\"margin-bottom: 6.75pt; line-height: normal; background: #ffffff;\"><span style=\"color: #000000;\"><b><span style=\"font-size: 14pt; font-family: 'PT Sans', sans-serif;\"><img loading=\"lazy\" decoding=\"async\" src=\"https:\/\/koraldescanso.com\/img\/cms\/Marcas%20de%20Categorias\/Postventa%20Negativo.png\" alt=\"\" width=\"60\" height=\"60\" \/>Informaci\u00f3n sobre garant\u00eda<\/span><\/b><\/span><\/p>\n<p class=\"MsoNormal\" style=\"margin-bottom: 6.75pt; line-height: normal; background: #ffffff;\"><span style=\"font-family: 'PT Sans', sans-serif; font-size: 16px; color: #000000;\">El colch\u00f3n se env\u00eda embalado y se recomienda no usar ning\u00fan tipo de objeto punzante a la hora de abrirlo ya que en el caso de producir alg\u00fan corte en la superficie del producto, quedar\u00e1 desestimado por parte de la garant\u00eda de fabricaci\u00f3n.\u00a0<\/span><\/p>\n<p class=\"MsoNormal\" style=\"margin-bottom: 6.75pt; line-height: normal; background: #ffffff;\"><span style=\"font-size: 12pt; font-family: 'PT Sans', sans-serif; color: #000000;\">Es imprescindible que, si el producto llega en malas condiciones debido al transporte, sea rechazado, ya que en ese caso ser\u00e1 siempre responsabilidad del cliente el devolverlo a nuestras instalaciones.<\/span><\/p>\n<p class=\"MsoNormal\" style=\"margin-bottom: 6.75pt; line-height: normal; background: #ffffff;\"><span style=\"font-size: 12pt; font-family: 'PT Sans', sans-serif; color: #000000;\">Al utilizarse tejidos para su fabricaci\u00f3n, tal y como indica la normativa europea UNE-EN Est\u00e1ndar 1334 para su presentaci\u00f3n final, puede haber una diferencia m\u00e1xima de +\/- 2 cm del tama\u00f1o original.<\/span><\/p>\n","protected":false},"excerpt":{"rendered":"<p class=\"MsoNormal\"><b><span style=\"font-family: Montserrat;\">N\u00facleo<\/span><\/b><span style=\"font-family: Montserrat;\">: HR + visoel\u00e1stica articulable.<\/span><\/p>\n<p class=\"MsoNormal\"><b><span style=\"font-family: Montserrat;\">Altura<\/span><\/b><span style=\"font-family: Montserrat;\">: +\/- 21 cm.<\/span><\/p>\n<p class=\"MsoNormal\"><span style=\"font-family: Montserrat;\">Anti\u00e1caros.<\/span><\/p>\n<p class=\"MsoNormal\"><b><span style=\"font-size: 8.5pt; font-family: Verdana, sans-serif;\"><img loading=\"lazy\" decoding=\"async\" src=\"https:\/\/koraldescanso.com\/img\/cms\/Marcas%20de%20Categorias\/Colchones\/LOGO_VISCOELASTIC_FOAM-05.png\" width=\"77\" height=\"72\" alt=\"foam_support.png\" \/><\/span><\/b><b><span style=\"font-size: 8.5pt; font-family: Verdana, sans-serif;\"><img loading=\"lazy\" decoding=\"async\" src=\"https:\/\/koraldescanso.com\/img\/cms\/Marcas%20de%20Categorias\/Colchones\/comfort_cloud.png\" width=\"77\" height=\"77\" alt=\"comfort_cloud.png\" \/><\/span><\/b><b><span style=\"font-size: 8.5pt; font-family: Verdana, sans-serif;\"><img loading=\"lazy\" decoding=\"async\" src=\"https:\/\/koraldescanso.com\/img\/cms\/Marcas%20de%20Categorias\/Colchones\/tejido_3d.png\" alt=\"\" width=\"77\" height=\"77\" \/><\/span><\/b><b><span style=\"font-size: 8.5pt; font-family: Verdana, sans-serif;\"><img loading=\"lazy\" decoding=\"async\" src=\"https:\/\/koraldescanso.com\/img\/cms\/Marcas%20de%20Categorias\/Colchones\/LOGO_OEKO_TEX.png\" width=\"77\" height=\"77\" alt=\"FOAM SUPPORT.png\" \/><\/span><\/b><b><span style=\"font-size: 8.5pt; font-family: Verdana, sans-serif;\"><img loading=\"lazy\" decoding=\"async\" width=\"77\" height=\"77\" src=\"https:\/\/koraldescanso.com\/img\/cms\/CATALOGO%20KORFLEX\/TODOS%20JUNTITOS-20.png\" alt=\"Imagen que contiene escena, cuarto, firmar, tablaDescripci\u00f3n generada autom\u00e1ticamente\" \/><\/span><\/b><img loading=\"lazy\" decoding=\"async\" src=\"https:\/\/koraldescanso.com\/img\/cms\/Marcas%20de%20Categorias\/Colchones\/ALFA%20QUALITY%20CONTROL.png\" width=\"77\" height=\"77\" alt=\"ALFA QUALITY CONTROL.png\" style=\"color: #333333; font-family: 'PT Sans', sans-serif; font-size: 16px; background-color: #ffffff;\" \/><\/p>\n","protected":false},"featured_media":932,"template":"","meta":[],"product_brand":[48],"product_cat":[21,23],"product_tag":[],"class_list":{"0":"post-865","1":"product","2":"type-product","3":"status-publish","4":"has-post-thumbnail","6":"product_brand-alfa-descanso","7":"product_cat-colchones","8":"product_cat-viscoelasticos","10":"first","11":"instock","12":"shipping-taxable","13":"product-type-simple"},"jetpack_sharing_enabled":true,"_links":{"self":[{"href":"https:\/\/alfadescanso.com\/index.php\/wp-json\/wp\/v2\/product\/865","targetHints":{"allow":["GET"]}}],"collection":[{"href":"https:\/\/alfadescanso.com\/index.php\/wp-json\/wp\/v2\/product"}],"about":[{"href":"https:\/\/alfadescanso.com\/index.php\/wp-json\/wp\/v2\/types\/product"}],"wp:featuredmedia":[{"embeddable":true,"href":"https:\/\/alfadescanso.com\/index.php\/wp-json\/wp\/v2\/media\/932"}],"wp:attachment":[{"href":"https:\/\/alfadescanso.com\/index.php\/wp-json\/wp\/v2\/media?parent=865"}],"wp:term":[{"taxonomy":"product_brand","embeddable":true,"href":"https:\/\/alfadescanso.com\/index.php\/wp-json\/wp\/v2\/product_brand?post=865"},{"taxonomy":"product_cat","embeddable":true,"href":"https:\/\/alfadescanso.com\/index.php\/wp-json\/wp\/v2\/product_cat?post=865"},{"taxonomy":"product_tag","embeddable":true,"href":"https:\/\/alfadescanso.com\/index.php\/wp-json\/wp\/v2\/product_tag?post=865"}],"curies":[{"name":"wp","href":"https:\/\/api.w.org\/{rel}","templated":true}]}}