{"id":640,"date":"2025-05-05T13:51:06","date_gmt":"2025-05-05T11:51:06","guid":{"rendered":"https:\/\/alfadescanso.com\/?post_type=product&#038;p=640"},"modified":"2025-09-26T22:25:10","modified_gmt":"2025-09-26T20:25:10","slug":"star-viscoelastico","status":"publish","type":"product","link":"https:\/\/alfadescanso.com\/index.php\/producto\/star-viscoelastico\/","title":{"rendered":"STAR VISCOEL\u00c1STICO"},"content":{"rendered":"<p>El topper Star viscoel\u00e1stico est\u00e1 compuesto por nuestro n\u00facleo de viscoel\u00e1stica que proporciona una comodidad y confort que mejorar\u00e1 la calidad del descanso de sus clientes. Viene con 4 cintas de sujeci\u00f3n y la funda con cremallera es lavable.<\/p>\n<p><img loading=\"lazy\" decoding=\"async\" style=\"font-family: 'PT Sans', sans-serif; font-size: 16px; background-color: #ffffff;\" src=\"https:\/\/koraldescanso.com\/img\/cms\/Marcas%20de%20Categorias\/ALFA%20QUALITY%20CONTROL.png\" alt=\"\" width=\"76\" height=\"41\" \/> \u00a0Este producto est\u00e1 elaborado en nuestras instalaciones pasando por un exhaustivo control de gesti\u00f3n y calidad.<\/p>\n<p><img loading=\"lazy\" decoding=\"async\" class=\"aligncenter\" src=\"https:\/\/koraldescanso.com\/img\/cms\/Colchones\/TOPPER-VISCOELASTICO-Posicion-Correcta.jpg\" alt=\"DiagramaDescripci\u00f3n generada autom\u00e1ticamente\" width=\"400\" height=\"400\" \/><\/p>\n<p><!--more--><\/p>\n<p style=\"font-weight: 400; text-align: center;\">&#8211; N\u00facleo 5 cm de viscoel\u00e1stica.<\/p>\n<p style=\"font-weight: 400; text-align: center;\">&#8211; Funda con cremallera cosida en L.<\/p>\n<p style=\"font-weight: 400; text-align: center;\">&#8211; Tejido Stretch de gran calidad.<\/p>\n<p style=\"font-weight: 400; text-align: center;\">&#8211; Incorpora 4 cintas el\u00e1sticas para sujeci\u00f3n a base o colch\u00f3n.<\/p>\n<p style=\"font-weight: 400; text-align: center;\">&#8211; Ergon\u00f3mico: se adapta a todo el cuerpo.<\/p>\n<p style=\"font-weight: 400; text-align: center;\">&#8211; Recuperaci\u00f3n de su forma habitual.<\/p>\n<p style=\"font-weight: 400; text-align: center;\">&#8211; Sistema de memoria con tecnolog\u00eda termoreguladora.<\/p>\n<p style=\"font-weight: 400; text-align: center;\">&#8211; Anti-hongos y anti-\u00e1caros.<\/p>\n<p style=\"font-weight: 400; text-align: center;\">&#8211; 100% transpirable.<\/p>\n<p style=\"font-weight: 400; text-align: center;\">&#8211; Funda lavable a 60\u00ba.<\/p>\n","protected":false},"excerpt":{"rendered":"<p>El topper Star viscoel\u00e1stico est\u00e1 compuesto por nuestro n\u00facleo de viscoel\u00e1stica que proporciona una comodidad y confort que mejorar\u00e1 la calidad del descanso de sus clientes. Viene con 4 cintas&#8230;<\/p>\n","protected":false},"featured_media":819,"template":"","meta":[],"product_brand":[48],"product_cat":[21,24],"product_tag":[],"class_list":{"0":"post-640","1":"product","2":"type-product","3":"status-publish","4":"has-post-thumbnail","6":"product_brand-alfa-descanso","7":"product_cat-colchones","8":"product_cat-toppers","10":"first","11":"instock","12":"shipping-taxable","13":"product-type-simple"},"jetpack_sharing_enabled":true,"_links":{"self":[{"href":"https:\/\/alfadescanso.com\/index.php\/wp-json\/wp\/v2\/product\/640","targetHints":{"allow":["GET"]}}],"collection":[{"href":"https:\/\/alfadescanso.com\/index.php\/wp-json\/wp\/v2\/product"}],"about":[{"href":"https:\/\/alfadescanso.com\/index.php\/wp-json\/wp\/v2\/types\/product"}],"wp:featuredmedia":[{"embeddable":true,"href":"https:\/\/alfadescanso.com\/index.php\/wp-json\/wp\/v2\/media\/819"}],"wp:attachment":[{"href":"https:\/\/alfadescanso.com\/index.php\/wp-json\/wp\/v2\/media?parent=640"}],"wp:term":[{"taxonomy":"product_brand","embeddable":true,"href":"https:\/\/alfadescanso.com\/index.php\/wp-json\/wp\/v2\/product_brand?post=640"},{"taxonomy":"product_cat","embeddable":true,"href":"https:\/\/alfadescanso.com\/index.php\/wp-json\/wp\/v2\/product_cat?post=640"},{"taxonomy":"product_tag","embeddable":true,"href":"https:\/\/alfadescanso.com\/index.php\/wp-json\/wp\/v2\/product_tag?post=640"}],"curies":[{"name":"wp","href":"https:\/\/api.w.org\/{rel}","templated":true}]}}