{"id":622,"date":"2025-05-05T13:17:21","date_gmt":"2025-05-05T11:17:21","guid":{"rendered":"https:\/\/alfadescanso.com\/?post_type=product&#038;p=622"},"modified":"2025-05-06T11:46:26","modified_gmt":"2025-05-06T09:46:26","slug":"visco-aloe","status":"publish","type":"product","link":"https:\/\/alfadescanso.com\/index.php\/producto\/visco-aloe\/","title":{"rendered":"VISCO ALOE"},"content":{"rendered":"<p style=\"margin-bottom: 6.75pt; line-height: normal; background: #FFFFFF;\">La almohada viscoel\u00e1stica Aloe est\u00e1 fabricada para aportar el equilibrio ideal a las cervicales y as\u00ed obtener un descanso reparador. Su n\u00facleo es de viscoel\u00e1stica al 100% y es indeformable por lo que se adapta especialmente al cuello y mantiene las cervicales en una posici\u00f3n \u00f3ptima.\u00a0 Cuenta con un tacto sedoso, una gran suavidad y transpirabilidad lo que aporta una gran adaptabilidad.<\/p>\n<p style=\"margin-bottom: 6.75pt; line-height: normal; background: #FFFFFF;\"><img loading=\"lazy\" decoding=\"async\" style=\"font-family: 'PT Sans', sans-serif; font-size: 16px; background-color: #ffffff;\" src=\"https:\/\/koraldescanso.com\/img\/cms\/Marcas%20de%20Categorias\/ALFA%20QUALITY%20CONTROL.png\" alt=\"\" width=\"76\" height=\"41\" \/> \u00a0Este producto est\u00e1 elaborado en nuestras instalaciones pasando por un exhaustivo control de gesti\u00f3n y calidad.<\/p>\n<p><img loading=\"lazy\" decoding=\"async\" class=\"aligncenter\" src=\"https:\/\/koraldescanso.com\/img\/cms\/Almohadas\/Almohada-PACK-VISCO-Principal-pack-ud1.jpg\" alt=\"DiagramaDescripci\u00f3n generada autom\u00e1ticamente\" width=\"400\" height=\"400\" \/><!--more--><\/p>\n<p style=\"text-align: center;\"><span style=\"font-family: 'PT Sans', sans-serif; font-size: 16px; background-color: #ffffff; color: #000000;\">\u00a0&#8211; N\u00facleo de viscoel\u00e1stica 100%<\/span><\/p>\n<p style=\"text-align: center;\"><span style=\"font-family: 'PT Sans', sans-serif; font-size: 16px; background-color: #ffffff; color: #000000;\">&#8211; Soporte personalizado, alivia la presi\u00f3n.<\/span><\/p>\n<p style=\"text-align: center;\"><span style=\"font-family: 'PT Sans', sans-serif; font-size: 16px; background-color: #ffffff; color: #000000;\">&#8211; Firmeza media.<\/span><\/p>\n<p style=\"text-align: center;\"><span style=\"color: #000000;\"><span style=\"font-family: 'PT Sans', sans-serif; font-size: 16px; background-color: #ffffff;\">&#8211; Funda interior y exterior de poli\u00e9ster 100%.<\/span><\/span><\/p>\n<p style=\"text-align: center;\"><span style=\"font-family: 'PT Sans', sans-serif; font-size: 16px; background-color: #ffffff; color: #000000;\">&#8211; Lavable e hipoalerg\u00e9nica.<\/span><\/p>\n","protected":false},"excerpt":{"rendered":"<p>La almohada viscoel\u00e1stica Aloe est\u00e1 fabricada para aportar el equilibrio ideal a las cervicales y as\u00ed obtener un descanso reparador. Su n\u00facleo es de viscoel\u00e1stica al 100% y es indeformable&#8230;<\/p>\n","protected":false},"featured_media":797,"template":"","meta":[],"product_brand":[48],"product_cat":[34,35],"product_tag":[],"class_list":{"0":"post-622","1":"product","2":"type-product","3":"status-publish","4":"has-post-thumbnail","6":"product_brand-alfa-descanso","7":"product_cat-almohadas","8":"product_cat-visco","10":"first","11":"instock","12":"shipping-taxable","13":"product-type-simple"},"jetpack_sharing_enabled":true,"_links":{"self":[{"href":"https:\/\/alfadescanso.com\/index.php\/wp-json\/wp\/v2\/product\/622","targetHints":{"allow":["GET"]}}],"collection":[{"href":"https:\/\/alfadescanso.com\/index.php\/wp-json\/wp\/v2\/product"}],"about":[{"href":"https:\/\/alfadescanso.com\/index.php\/wp-json\/wp\/v2\/types\/product"}],"wp:featuredmedia":[{"embeddable":true,"href":"https:\/\/alfadescanso.com\/index.php\/wp-json\/wp\/v2\/media\/797"}],"wp:attachment":[{"href":"https:\/\/alfadescanso.com\/index.php\/wp-json\/wp\/v2\/media?parent=622"}],"wp:term":[{"taxonomy":"product_brand","embeddable":true,"href":"https:\/\/alfadescanso.com\/index.php\/wp-json\/wp\/v2\/product_brand?post=622"},{"taxonomy":"product_cat","embeddable":true,"href":"https:\/\/alfadescanso.com\/index.php\/wp-json\/wp\/v2\/product_cat?post=622"},{"taxonomy":"product_tag","embeddable":true,"href":"https:\/\/alfadescanso.com\/index.php\/wp-json\/wp\/v2\/product_tag?post=622"}],"curies":[{"name":"wp","href":"https:\/\/api.w.org\/{rel}","templated":true}]}}