{"id":621,"date":"2025-05-05T13:12:13","date_gmt":"2025-05-05T11:12:13","guid":{"rendered":"https:\/\/alfadescanso.com\/?post_type=product&#038;p=621"},"modified":"2025-05-06T11:44:02","modified_gmt":"2025-05-06T09:44:02","slug":"visco-copos","status":"publish","type":"product","link":"https:\/\/alfadescanso.com\/index.php\/producto\/visco-copos\/","title":{"rendered":"VISCO COPOS"},"content":{"rendered":"<p style=\"margin-bottom: 6.75pt; line-height: normal; background: #FFFFFF;\">La almohada de copos viscoel\u00e1sticos est\u00e1 fabricada con un interior de copos 100% viscoel\u00e1sticos. Cuenta con un tacto sedoso, una gran suavidad y transpirabilidad lo que aporta una gran adaptabilidad.<\/p>\n<p style=\"margin-bottom: 6.75pt; line-height: normal; background: #FFFFFF;\"><img loading=\"lazy\" decoding=\"async\" style=\"font-family: 'PT Sans', sans-serif; font-size: 16px; background-color: #ffffff;\" src=\"https:\/\/koraldescanso.com\/img\/cms\/Marcas%20de%20Categorias\/ALFA%20QUALITY%20CONTROL.png\" alt=\"\" width=\"76\" height=\"41\" \/> \u00a0Este producto est\u00e1 elaborado en nuestras instalaciones pasando por un exhaustivo control de gesti\u00f3n y calidad.<\/p>\n<p><img loading=\"lazy\" decoding=\"async\" class=\"aligncenter\" src=\"https:\/\/koraldescanso.com\/img\/cms\/Almohadas\/VISCO-COPOS-Medidas.jpg\" alt=\"DiagramaDescripci\u00f3n generada autom\u00e1ticamente\" width=\"400\" height=\"400\" \/><!--more--><\/p>\n<p style=\"font-weight: 400; text-align: center;\">&#8211; N\u00facleo de copos de espuma viscoel\u00e1stica.<\/p>\n<p style=\"font-weight: 400; text-align: center;\">&#8211; Firmeza media-alta.<\/p>\n<p style=\"font-weight: 400; text-align: center;\">&#8211; Se adapta a la forma del cuerpo.<\/p>\n<p style=\"font-weight: 400; text-align: center;\">&#8211; Soporte personalizado.<\/p>\n<p style=\"font-weight: 400; text-align: center;\">&#8211; Indeformable tras un uso prolongado.<\/p>\n<p style=\"font-weight: 400; text-align: center;\">&#8211; Funda lavable de tejido Stretch.<\/p>\n","protected":false},"excerpt":{"rendered":"<p>La almohada de copos viscoel\u00e1sticos est\u00e1 fabricada con un interior de copos 100% viscoel\u00e1sticos. Cuenta con un tacto sedoso, una gran suavidad y transpirabilidad lo que aporta una gran adaptabilidad&#8230;.<\/p>\n","protected":false},"featured_media":792,"template":"","meta":[],"product_brand":[48],"product_cat":[34,37],"product_tag":[],"class_list":{"0":"post-621","1":"product","2":"type-product","3":"status-publish","4":"has-post-thumbnail","6":"product_brand-alfa-descanso","7":"product_cat-almohadas","8":"product_cat-visco-copos","10":"first","11":"instock","12":"shipping-taxable","13":"product-type-simple"},"jetpack_sharing_enabled":true,"_links":{"self":[{"href":"https:\/\/alfadescanso.com\/index.php\/wp-json\/wp\/v2\/product\/621","targetHints":{"allow":["GET"]}}],"collection":[{"href":"https:\/\/alfadescanso.com\/index.php\/wp-json\/wp\/v2\/product"}],"about":[{"href":"https:\/\/alfadescanso.com\/index.php\/wp-json\/wp\/v2\/types\/product"}],"wp:featuredmedia":[{"embeddable":true,"href":"https:\/\/alfadescanso.com\/index.php\/wp-json\/wp\/v2\/media\/792"}],"wp:attachment":[{"href":"https:\/\/alfadescanso.com\/index.php\/wp-json\/wp\/v2\/media?parent=621"}],"wp:term":[{"taxonomy":"product_brand","embeddable":true,"href":"https:\/\/alfadescanso.com\/index.php\/wp-json\/wp\/v2\/product_brand?post=621"},{"taxonomy":"product_cat","embeddable":true,"href":"https:\/\/alfadescanso.com\/index.php\/wp-json\/wp\/v2\/product_cat?post=621"},{"taxonomy":"product_tag","embeddable":true,"href":"https:\/\/alfadescanso.com\/index.php\/wp-json\/wp\/v2\/product_tag?post=621"}],"curies":[{"name":"wp","href":"https:\/\/api.w.org\/{rel}","templated":true}]}}