{"id":598,"date":"2025-05-02T14:12:58","date_gmt":"2025-05-02T12:12:58","guid":{"rendered":"https:\/\/alfadescanso.com\/?post_type=product&#038;p=598"},"modified":"2025-06-18T15:06:55","modified_gmt":"2025-06-18T13:06:55","slug":"canguro","status":"publish","type":"product","link":"https:\/\/alfadescanso.com\/index.php\/producto\/canguro\/","title":{"rendered":"CANGURO"},"content":{"rendered":"<p style=\"margin-bottom: 6.75pt; line-height: normal; background: #FFFFFF;\">El juego canguro reforzado destaca por su s\u00f3lida y resistente estructura met\u00e1lica recubierta con pintura Epoxi anticorrosiva. Est\u00e1 compuesto por 2 somieres de tubo acerado de 40&#215;30 mm que adem\u00e1s llevan una barra central de refuerzo. El somier inferior incorpora patas desplegables semi-autom\u00e1ticas y un sistema de ruedas cuando es plegado.<\/p>\n<p style=\"margin-bottom: 6.75pt; line-height: normal; background: #FFFFFF;\"><img loading=\"lazy\" decoding=\"async\" style=\"font-family: 'PT Sans', sans-serif; font-size: 16px; background-color: #ffffff;\" src=\"https:\/\/koraldescanso.com\/img\/cms\/Marcas%20de%20Categorias\/ALFA%20QUALITY%20CONTROL.png\" alt=\"\" width=\"76\" height=\"41\" \/> \u00a0Este producto est\u00e1 elaborado en nuestras instalaciones pasando por un exhaustivo control de gesti\u00f3n y calidad.<\/p>\n<p><img loading=\"lazy\" decoding=\"async\" class=\"aligncenter\" src=\"https:\/\/koraldescanso.com\/img\/cms\/Bases%20y%20Canap%C3%A9s\/CANGURO_LAMINA_ANCHA_Alturas.jpg\" alt=\"CANAPE%20BARI.png\" width=\"600\" height=\"600\" \/><!--more--><\/p>\n<p style=\"font-weight: 400; text-align: center;\">&#8211; Somier superior e inferior met\u00e1lico de 40&#215;30 mm.<\/p>\n<p style=\"font-weight: 400; text-align: center;\">&#8211; Barras met\u00e1licas de refuerzo central.<\/p>\n<p style=\"font-weight: 400; text-align: center;\">&#8211; Somier inferior con patas desplegables semi-autom\u00e1ticas.<\/p>\n<p style=\"font-weight: 400; text-align: center;\">&#8211; Sistema deslizante de ruedas en somier inferior plegado.<\/p>\n<p style=\"font-weight: 400; text-align: center;\">&#8211; Acabado en pintura epoxy y anticorrosivo.<\/p>\n<p style=\"font-weight: 400; text-align: center;\">&#8211; L\u00e1minas anchas de madera de chopo.<\/p>\n<p style=\"font-weight: 400; text-align: center;\">&#8211; R\u00f3tulas de caucho anti-ruido y movimiento.<\/p>\n<p style=\"font-weight: 400; text-align: center;\">&#8211; Separaci\u00f3n entre somieres +- 24 cm.<\/p>\n","protected":false},"excerpt":{"rendered":"<p>El juego canguro reforzado destaca por su s\u00f3lida y resistente estructura met\u00e1lica recubierta con pintura Epoxi anticorrosiva. Est\u00e1 compuesto por 2 somieres de tubo acerado de 40&#215;30 mm que adem\u00e1s&#8230;<\/p>\n","protected":false},"featured_media":778,"template":"","meta":[],"product_brand":[48],"product_cat":[33,29],"product_tag":[],"class_list":{"0":"post-598","1":"product","2":"type-product","3":"status-publish","4":"has-post-thumbnail","6":"product_brand-alfa-descanso","7":"product_cat-canguros","8":"product_cat-somieres","10":"first","11":"instock","12":"shipping-taxable","13":"product-type-simple"},"jetpack_sharing_enabled":true,"_links":{"self":[{"href":"https:\/\/alfadescanso.com\/index.php\/wp-json\/wp\/v2\/product\/598","targetHints":{"allow":["GET"]}}],"collection":[{"href":"https:\/\/alfadescanso.com\/index.php\/wp-json\/wp\/v2\/product"}],"about":[{"href":"https:\/\/alfadescanso.com\/index.php\/wp-json\/wp\/v2\/types\/product"}],"wp:featuredmedia":[{"embeddable":true,"href":"https:\/\/alfadescanso.com\/index.php\/wp-json\/wp\/v2\/media\/778"}],"wp:attachment":[{"href":"https:\/\/alfadescanso.com\/index.php\/wp-json\/wp\/v2\/media?parent=598"}],"wp:term":[{"taxonomy":"product_brand","embeddable":true,"href":"https:\/\/alfadescanso.com\/index.php\/wp-json\/wp\/v2\/product_brand?post=598"},{"taxonomy":"product_cat","embeddable":true,"href":"https:\/\/alfadescanso.com\/index.php\/wp-json\/wp\/v2\/product_cat?post=598"},{"taxonomy":"product_tag","embeddable":true,"href":"https:\/\/alfadescanso.com\/index.php\/wp-json\/wp\/v2\/product_tag?post=598"}],"curies":[{"name":"wp","href":"https:\/\/api.w.org\/{rel}","templated":true}]}}