{"id":597,"date":"2025-05-02T14:11:03","date_gmt":"2025-05-02T12:11:03","guid":{"rendered":"https:\/\/alfadescanso.com\/?post_type=product&#038;p=597"},"modified":"2025-06-18T17:15:19","modified_gmt":"2025-06-18T15:15:19","slug":"modelo-100","status":"publish","type":"product","link":"https:\/\/alfadescanso.com\/index.php\/producto\/modelo-100\/","title":{"rendered":"MODELO 100"},"content":{"rendered":"<p style=\"margin-bottom: 6.75pt; line-height: normal; background: #FFFFFF;\">El somier met\u00e1lico modelo 100 est\u00e1 caracterizado principalmente por ser un somier b\u00e1sico. Cuenta con l\u00e1minas de chopo natural de 100 mm y est\u00e1n recubiertas con papel laminado en madera para darle un toque de elegancia.<\/p>\n<p style=\"margin-bottom: 6.75pt; line-height: normal; background: #FFFFFF;\"><img loading=\"lazy\" decoding=\"async\" style=\"font-family: 'PT Sans', sans-serif; font-size: 16px; background-color: #ffffff;\" src=\"https:\/\/koraldescanso.com\/img\/cms\/Marcas%20de%20Categorias\/ALFA%20QUALITY%20CONTROL.png\" alt=\"\" width=\"76\" height=\"41\" \/> \u00a0Este producto est\u00e1 elaborado en nuestras instalaciones pasando por un exhaustivo control de gesti\u00f3n y calidad.<\/p>\n<p><img loading=\"lazy\" decoding=\"async\" class=\"aligncenter\" src=\"https:\/\/koraldescanso.com\/img\/cms\/Bases%20y%20Canap%C3%A9s\/Somier-BASIC-Frontal.jpg\" alt=\"CANAPE%20BARI.png\" width=\"600\" height=\"600\" \/><!--more--><\/p>\n<p style=\"font-weight: 400; text-align: center;\">&#8211; Estructura de acero con refuerzo central.<\/p>\n<p style=\"font-weight: 400; text-align: center;\">&#8211; Fabricada con bastidor de 30&#215;30 mm.<\/p>\n<p style=\"font-weight: 400; text-align: center;\">&#8211; L\u00e1minas de madera de chopo natural 100 mm.<\/p>\n<p style=\"font-weight: 400; text-align: center;\">&#8211; Acabado con papel laminado en madera.<\/p>\n","protected":false},"excerpt":{"rendered":"<p>El somier met\u00e1lico modelo 100 est\u00e1 caracterizado principalmente por ser un somier b\u00e1sico. Cuenta con l\u00e1minas de chopo natural de 100 mm y est\u00e1n recubiertas con papel laminado en madera&#8230;<\/p>\n","protected":false},"featured_media":774,"template":"","meta":[],"product_brand":[48],"product_cat":[31,29],"product_tag":[],"class_list":{"0":"post-597","1":"product","2":"type-product","3":"status-publish","4":"has-post-thumbnail","6":"product_brand-alfa-descanso","7":"product_cat-fijos","8":"product_cat-somieres","10":"first","11":"instock","12":"shipping-taxable","13":"product-type-simple"},"jetpack_sharing_enabled":true,"_links":{"self":[{"href":"https:\/\/alfadescanso.com\/index.php\/wp-json\/wp\/v2\/product\/597","targetHints":{"allow":["GET"]}}],"collection":[{"href":"https:\/\/alfadescanso.com\/index.php\/wp-json\/wp\/v2\/product"}],"about":[{"href":"https:\/\/alfadescanso.com\/index.php\/wp-json\/wp\/v2\/types\/product"}],"wp:featuredmedia":[{"embeddable":true,"href":"https:\/\/alfadescanso.com\/index.php\/wp-json\/wp\/v2\/media\/774"}],"wp:attachment":[{"href":"https:\/\/alfadescanso.com\/index.php\/wp-json\/wp\/v2\/media?parent=597"}],"wp:term":[{"taxonomy":"product_brand","embeddable":true,"href":"https:\/\/alfadescanso.com\/index.php\/wp-json\/wp\/v2\/product_brand?post=597"},{"taxonomy":"product_cat","embeddable":true,"href":"https:\/\/alfadescanso.com\/index.php\/wp-json\/wp\/v2\/product_cat?post=597"},{"taxonomy":"product_tag","embeddable":true,"href":"https:\/\/alfadescanso.com\/index.php\/wp-json\/wp\/v2\/product_tag?post=597"}],"curies":[{"name":"wp","href":"https:\/\/api.w.org\/{rel}","templated":true}]}}