{"id":595,"date":"2025-05-02T14:05:57","date_gmt":"2025-05-02T12:05:57","guid":{"rendered":"https:\/\/alfadescanso.com\/?post_type=product&#038;p=595"},"modified":"2025-06-18T16:58:18","modified_gmt":"2025-06-18T14:58:18","slug":"roma","status":"publish","type":"product","link":"https:\/\/alfadescanso.com\/index.php\/producto\/roma\/","title":{"rendered":"ROMA"},"content":{"rendered":"<p style=\"margin-bottom: 6.75pt; line-height: normal; background: #FFFFFF;\">La litera Roma destaca por su sofisticada estructura fabricada en un marco de metal resistente. Est\u00e1 compuesta por 2 travesa\u00f1os 50mm con 16 barras met\u00e1licas en tubo de 15mm. Cuenta adem\u00e1s con una escalera de 3 pelda\u00f1os y barandilla alta.<\/p>\n<p style=\"margin-bottom: 6.75pt; line-height: normal; background: #FFFFFF;\"><img loading=\"lazy\" decoding=\"async\" style=\"font-family: 'PT Sans', sans-serif; font-size: 16px; background-color: #ffffff;\" src=\"https:\/\/koraldescanso.com\/img\/cms\/Marcas%20de%20Categorias\/ALFA%20QUALITY%20CONTROL.png\" alt=\"\" width=\"76\" height=\"41\" \/> \u00a0Este producto est\u00e1 elaborado en nuestras instalaciones pasando por un exhaustivo control de gesti\u00f3n y calidad.<\/p>\n<p><img loading=\"lazy\" decoding=\"async\" class=\"aligncenter\" src=\"https:\/\/koraldescanso.com\/img\/cms\/Bases%20y%20Canap%C3%A9s\/Litera-ROMA-medidas.jpg\" alt=\"CANAPE%20BARI.png\" width=\"600\" height=\"600\" \/><!--more--><\/p>\n<p style=\"text-align: center;\">*medidas para cama de 90&#215;190.<\/p>\n<p style=\"text-align: center;\">&#8211; Fabricada en marco de metal resistente.<\/p>\n<p style=\"text-align: center;\">&#8211; Pies en tubo redondo con di\u00e1metro de 40mm.<\/p>\n<p style=\"text-align: center;\">&#8211; Travesa\u00f1os de 50mm con 16 barras met\u00e1licas en tubo de 15mm.<\/p>\n<p style=\"text-align: center;\">&#8211; Escalera con 3 pelda\u00f1os y barandilla alta.<\/p>\n<p style=\"text-align: center;\">&#8211; Apta \u00fanicamente para colchones de 90&#215;190 cm.<\/p>\n<p style=\"text-align: center;\">&#8211; Altura del suelo al primer somier de +-32,5 cm.<\/p>\n<p style=\"text-align: center;\">&#8211; Altura del suelo al segundo somier de +- 118 cm.<\/p>\n","protected":false},"excerpt":{"rendered":"<p>La litera Roma destaca por su sofisticada estructura fabricada en un marco de metal resistente. Est\u00e1 compuesta por 2 travesa\u00f1os 50mm con 16 barras met\u00e1licas en tubo de 15mm. Cuenta&#8230;<\/p>\n","protected":false},"featured_media":759,"template":"","meta":[],"product_brand":[48],"product_cat":[32,29],"product_tag":[],"class_list":{"0":"post-595","1":"product","2":"type-product","3":"status-publish","4":"has-post-thumbnail","6":"product_brand-alfa-descanso","7":"product_cat-literas","8":"product_cat-somieres","10":"first","11":"instock","12":"shipping-taxable","13":"product-type-simple"},"jetpack_sharing_enabled":true,"_links":{"self":[{"href":"https:\/\/alfadescanso.com\/index.php\/wp-json\/wp\/v2\/product\/595","targetHints":{"allow":["GET"]}}],"collection":[{"href":"https:\/\/alfadescanso.com\/index.php\/wp-json\/wp\/v2\/product"}],"about":[{"href":"https:\/\/alfadescanso.com\/index.php\/wp-json\/wp\/v2\/types\/product"}],"wp:featuredmedia":[{"embeddable":true,"href":"https:\/\/alfadescanso.com\/index.php\/wp-json\/wp\/v2\/media\/759"}],"wp:attachment":[{"href":"https:\/\/alfadescanso.com\/index.php\/wp-json\/wp\/v2\/media?parent=595"}],"wp:term":[{"taxonomy":"product_brand","embeddable":true,"href":"https:\/\/alfadescanso.com\/index.php\/wp-json\/wp\/v2\/product_brand?post=595"},{"taxonomy":"product_cat","embeddable":true,"href":"https:\/\/alfadescanso.com\/index.php\/wp-json\/wp\/v2\/product_cat?post=595"},{"taxonomy":"product_tag","embeddable":true,"href":"https:\/\/alfadescanso.com\/index.php\/wp-json\/wp\/v2\/product_tag?post=595"}],"curies":[{"name":"wp","href":"https:\/\/api.w.org\/{rel}","templated":true}]}}