{"id":594,"date":"2025-05-02T14:04:23","date_gmt":"2025-05-02T12:04:23","guid":{"rendered":"https:\/\/alfadescanso.com\/?post_type=product&#038;p=594"},"modified":"2025-06-18T16:22:34","modified_gmt":"2025-06-18T14:22:34","slug":"martina","status":"publish","type":"product","link":"https:\/\/alfadescanso.com\/index.php\/producto\/martina\/","title":{"rendered":"MARTINA"},"content":{"rendered":"<p style=\"margin-bottom: 6.75pt; line-height: normal; background: #FFFFFF;\">La litera Martina destaca por su s\u00f3lida y resistente estructura met\u00e1lica recubierta con pintura Epoxi. Est\u00e1 compuesta por 2 somieres de tubo acerado de 40&#215;30 mm que adem\u00e1s llevan una barra central de refuerzo. Incorpora tambi\u00e9n 3 arcos de sujeci\u00f3n en tubo de 30&#215;30 mm.<\/p>\n<p style=\"margin-bottom: 6.75pt; line-height: normal; background: #FFFFFF;\"><img loading=\"lazy\" decoding=\"async\" style=\"font-family: 'PT Sans', sans-serif; font-size: 16px; background-color: #ffffff;\" src=\"https:\/\/koraldescanso.com\/img\/cms\/Marcas%20de%20Categorias\/ALFA%20QUALITY%20CONTROL.png\" alt=\"\" width=\"76\" height=\"41\" \/> \u00a0Este producto est\u00e1 elaborado en nuestras instalaciones pasando por un exhaustivo control de gesti\u00f3n y calidad.<\/p>\n<p><img loading=\"lazy\" decoding=\"async\" class=\"aligncenter\" src=\"https:\/\/koraldescanso.com\/img\/cms\/Bases%20y%20Canap%C3%A9s\/LITERA-REFORZADA-Medidas.jpg\" alt=\"CANAPE%20BARI.png\" width=\"600\" height=\"600\" \/><!--more--><\/p>\n<p style=\"font-weight: 400; text-align: center;\">*medidas para cama de 90&#215;190.<\/p>\n<p style=\"font-weight: 400; text-align: center;\">&#8211; S\u00f3lida estructura met\u00e1lica recubierta con pintura Epoxi.<\/p>\n<p style=\"font-weight: 400; text-align: center;\">&#8211; 2 somieres de tubo acerado de 40&#215;30 mm.<\/p>\n<p style=\"font-weight: 400; text-align: center;\">&#8211; Somier con barra de central de refuerzo.<\/p>\n<p style=\"font-weight: 400; text-align: center;\">&#8211; L\u00e1minas de madera de chopo natural de 180 mm.<\/p>\n<p style=\"font-weight: 400; text-align: center;\">&#8211; 3 arcos de sujeci\u00f3n en tubo de 30&#215;30 mm.<\/p>\n<p style=\"font-weight: 400; text-align: center;\">&#8211; Arco con escalera y barandilla incorporado, adaptable.<\/p>\n<p style=\"font-weight: 400; text-align: center;\">&#8211; Apta para colchones de 90&#215;190, 90&#215;200, 105&#215;190 y 105&#215;200.<\/p>\n<p style=\"font-weight: 400; text-align: center;\">&#8211; Peso m\u00e1x. soportado cama: +190Kg.<\/p>\n<p style=\"font-weight: 400; text-align: center;\">&#8211; Peso m\u00e1x. soportado somier: +95Kg.<\/p>\n<p style=\"font-weight: 400; text-align: center;\">&#8211; Altura del suelo al primer somier: +-31 cm.<\/p>\n<p style=\"font-weight: 400; text-align: center;\">&#8211; Altura del suelo al segundo somier: +- 115cm.<\/p>\n","protected":false},"excerpt":{"rendered":"<p>La litera Martina destaca por su s\u00f3lida y resistente estructura met\u00e1lica recubierta con pintura Epoxi. Est\u00e1 compuesta por 2 somieres de tubo acerado de 40&#215;30 mm que adem\u00e1s llevan una&#8230;<\/p>\n","protected":false},"featured_media":753,"template":"","meta":[],"product_brand":[48],"product_cat":[32,29],"product_tag":[],"class_list":{"0":"post-594","1":"product","2":"type-product","3":"status-publish","4":"has-post-thumbnail","6":"product_brand-alfa-descanso","7":"product_cat-literas","8":"product_cat-somieres","10":"first","11":"instock","12":"shipping-taxable","13":"product-type-simple"},"jetpack_sharing_enabled":true,"_links":{"self":[{"href":"https:\/\/alfadescanso.com\/index.php\/wp-json\/wp\/v2\/product\/594","targetHints":{"allow":["GET"]}}],"collection":[{"href":"https:\/\/alfadescanso.com\/index.php\/wp-json\/wp\/v2\/product"}],"about":[{"href":"https:\/\/alfadescanso.com\/index.php\/wp-json\/wp\/v2\/types\/product"}],"wp:featuredmedia":[{"embeddable":true,"href":"https:\/\/alfadescanso.com\/index.php\/wp-json\/wp\/v2\/media\/753"}],"wp:attachment":[{"href":"https:\/\/alfadescanso.com\/index.php\/wp-json\/wp\/v2\/media?parent=594"}],"wp:term":[{"taxonomy":"product_brand","embeddable":true,"href":"https:\/\/alfadescanso.com\/index.php\/wp-json\/wp\/v2\/product_brand?post=594"},{"taxonomy":"product_cat","embeddable":true,"href":"https:\/\/alfadescanso.com\/index.php\/wp-json\/wp\/v2\/product_cat?post=594"},{"taxonomy":"product_tag","embeddable":true,"href":"https:\/\/alfadescanso.com\/index.php\/wp-json\/wp\/v2\/product_tag?post=594"}],"curies":[{"name":"wp","href":"https:\/\/api.w.org\/{rel}","templated":true}]}}