{"id":593,"date":"2025-05-02T14:02:50","date_gmt":"2025-05-02T12:02:50","guid":{"rendered":"https:\/\/alfadescanso.com\/?post_type=product&#038;p=593"},"modified":"2025-05-06T10:52:06","modified_gmt":"2025-05-06T08:52:06","slug":"ecomatic","status":"publish","type":"product","link":"https:\/\/alfadescanso.com\/index.php\/producto\/ecomatic\/","title":{"rendered":"ECOMATIC"},"content":{"rendered":"<p style=\"margin-bottom: 6.75pt; line-height: normal; background: #FFFFFF;\">El somier el\u00e9ctrico articulado Ecomatic ofrece una gran robustez gracias a su bastidor met\u00e1lico de 50x20mm esmaltado en epoxi termoendurecido. Incorpora un motor el\u00e9ctrico de la firma alemana GERMANY con una fuerza de empuje 2 x 4500 Newton. En caso de emergencia por apag\u00f3n o falta de corriente lleva una pila de 9V para poder poner las articulaciones en posici\u00f3n inicial.<\/p>\n<p style=\"margin-bottom: 6.75pt; line-height: normal; background: #FFFFFF;\">Sus lamas est\u00e1n montadas sobre tacos Hytrel oscilantes dobles y el somier dispone de cinco planos de articulaci\u00f3n reforzados por motor doble. El mando del motor es con cable. Incluye juego de 4 patas met\u00e1licas a 25 cm de altura, otorgando una total de 34 cm.<\/p>\n<p style=\"margin-bottom: 6.75pt; line-height: normal; background: #FFFFFF;\"><img loading=\"lazy\" decoding=\"async\" style=\"font-family: 'PT Sans', sans-serif; font-size: 16px; background-color: #ffffff;\" src=\"https:\/\/koraldescanso.com\/img\/cms\/Marcas%20de%20Categorias\/ALFA%20QUALITY%20CONTROL.png\" alt=\"\" width=\"76\" height=\"41\" \/> \u00a0Este producto est\u00e1 elaborado en nuestras instalaciones pasando por un exhaustivo control de gesti\u00f3n y calidad.<\/p>\n<p><img loading=\"lazy\" decoding=\"async\" class=\"aligncenter\" src=\"https:\/\/koraldescanso.com\/img\/cms\/Bases%20y%20Canap%C3%A9s\/ECOMATIC.jpg\" alt=\"CANAPE%20BARI.png\" width=\"600\" height=\"600\" \/><!--more--><\/p>\n<p style=\"margin-bottom: 6.75pt; line-height: normal; background: #ffffff; text-align: center;\">\n<p style=\"font-weight: 400; text-align: center;\">&#8211; Estructura en tubo de acero 50&#215;20 mm.<\/p>\n<p style=\"font-weight: 400; text-align: center;\">&#8211; Esmaltado en epoxi termoendurecido.<\/p>\n<p style=\"font-weight: 400; text-align: center;\">&#8211; Planos de articulaci\u00f3n reforzados.<\/p>\n<p style=\"font-weight: 400; text-align: center;\">&#8211; Mando por cable.<\/p>\n<p style=\"font-weight: 400; text-align: center;\">&#8211; Juego de patas met\u00e1licas incluidas.<\/p>\n<p style=\"font-weight: 400; text-align: center;\">&#8211; Peso m\u00e1x. recomendado:\u00a0<strong>135kg<\/strong><\/p>\n<p style=\"font-weight: 400; text-align: center;\">&#8211; Lecho en tubo de acero 30&#215;20 mm.<\/p>\n<p style=\"font-weight: 400; text-align: center;\">&#8211; 24 lamas de chopo natural contrachapadas y flexibles<\/p>\n<p style=\"font-weight: 400; text-align: center;\">&#8211; Lamas montadas sobre Hytrel oscilantes dobles.<\/p>\n<p style=\"font-weight: 400; text-align: center;\">&#8211; Cinco planos articulados por motor doble.<\/p>\n","protected":false},"excerpt":{"rendered":"<p>El somier el\u00e9ctrico articulado Ecomatic ofrece una gran robustez gracias a su bastidor met\u00e1lico de 50x20mm esmaltado en epoxi termoendurecido. Incorpora un motor el\u00e9ctrico de la firma alemana GERMANY con&#8230;<\/p>\n","protected":false},"featured_media":744,"template":"","meta":[],"product_brand":[48],"product_cat":[30,29],"product_tag":[],"class_list":{"0":"post-593","1":"product","2":"type-product","3":"status-publish","4":"has-post-thumbnail","6":"product_brand-alfa-descanso","7":"product_cat-articulados","8":"product_cat-somieres","10":"first","11":"instock","12":"shipping-taxable","13":"product-type-simple"},"jetpack_sharing_enabled":true,"_links":{"self":[{"href":"https:\/\/alfadescanso.com\/index.php\/wp-json\/wp\/v2\/product\/593","targetHints":{"allow":["GET"]}}],"collection":[{"href":"https:\/\/alfadescanso.com\/index.php\/wp-json\/wp\/v2\/product"}],"about":[{"href":"https:\/\/alfadescanso.com\/index.php\/wp-json\/wp\/v2\/types\/product"}],"wp:featuredmedia":[{"embeddable":true,"href":"https:\/\/alfadescanso.com\/index.php\/wp-json\/wp\/v2\/media\/744"}],"wp:attachment":[{"href":"https:\/\/alfadescanso.com\/index.php\/wp-json\/wp\/v2\/media?parent=593"}],"wp:term":[{"taxonomy":"product_brand","embeddable":true,"href":"https:\/\/alfadescanso.com\/index.php\/wp-json\/wp\/v2\/product_brand?post=593"},{"taxonomy":"product_cat","embeddable":true,"href":"https:\/\/alfadescanso.com\/index.php\/wp-json\/wp\/v2\/product_cat?post=593"},{"taxonomy":"product_tag","embeddable":true,"href":"https:\/\/alfadescanso.com\/index.php\/wp-json\/wp\/v2\/product_tag?post=593"}],"curies":[{"name":"wp","href":"https:\/\/api.w.org\/{rel}","templated":true}]}}