{"id":583,"date":"2025-05-02T13:51:55","date_gmt":"2025-05-02T11:51:55","guid":{"rendered":"https:\/\/alfadescanso.com\/?post_type=product&#038;p=583"},"modified":"2025-06-18T15:09:28","modified_gmt":"2025-06-18T13:09:28","slug":"gerimatic","status":"publish","type":"product","link":"https:\/\/alfadescanso.com\/index.php\/producto\/gerimatic\/","title":{"rendered":"GERIMATIC"},"content":{"rendered":"<p style=\"margin-bottom: 6.75pt; line-height: normal; background: #ffffff;\">La cama geri\u00e1trica Gerimatic destaca por su s\u00f3lida y resistente estructura met\u00e1lica de acero tubular reforzado. Tiene un alto grado de adaptabilidad gracias a su lecho fabricado en bastidor de 30x20mm, 24 l\u00e1minas de madera de haya y sus articulaciones con \u00e1ngulo en respaldo m\u00e1ximo de hasta 70\u00ba y pierna de 43\u00ba.<\/p>\n<p style=\"margin-bottom: 6.75pt; line-height: normal; background: #ffffff;\"><img loading=\"lazy\" decoding=\"async\" src=\"https:\/\/koraldescanso.com\/img\/cms\/Marcas%20de%20Categorias\/ALFA%20QUALITY%20CONTROL.png\" alt=\"Logotipo, IconoDescripci\u00f3n generada autom\u00e1ticamente\" width=\"63\" height=\"34\" \/>Este producto est\u00e1 elaborado en nuestras instalaciones pasando por un exhaustivo control de gesti\u00f3n y calidad.<\/p>\n<p><img loading=\"lazy\" decoding=\"async\" class=\"aligncenter\" src=\"https:\/\/koraldescanso.com\/img\/cms\/Geriatria\/86f95ac0-2b16-4c1b-83d6-6c24fe642ac7.jpg\" alt=\"CANAPE%20BARI.png\" width=\"600\" height=\"600\" \/><!--more--><\/p>\n<p style=\"font-weight: 400; text-align: center;\">&#8211; Fabrica en acero reforzado con recubrimiento epoxi.<\/p>\n<p style=\"font-weight: 400; text-align: center;\">&#8211; Bastidor exterior de 50x20mm.<\/p>\n<p style=\"font-weight: 400; text-align: center;\">&#8211; Grado elevado de adaptabilidad.<\/p>\n<p style=\"font-weight: 400; text-align: center;\">&#8211; Lecho fabricado en bastidor de 30x20mm.<\/p>\n<p style=\"font-weight: 400; text-align: center;\">&#8211; 24 lamas de madera de haya 80&#215;3,8&#215;0,8 cm.<\/p>\n<p style=\"font-weight: 400; text-align: center;\">&#8211; Soportes basculantes de caucho.<\/p>\n<p style=\"font-weight: 400; text-align: center;\">&#8211; Posibilidad de colocar patas regulables arriostradas.<\/p>\n<p style=\"font-weight: 400; text-align: center;\">&#8211; Peso m\u00e1x. del usuario: 135 Kg.<\/p>\n<p style=\"font-weight: 400; text-align: center;\">&#8211; \u00c1ngulo respaldo: M\u00e1x. 70\u00ba.<\/p>\n<p style=\"font-weight: 400; text-align: center;\">&#8211; \u00c1ngulo elevaci\u00f3n pierna: M\u00e1x. 43\u00ba.<\/p>\n","protected":false},"excerpt":{"rendered":"<p>La cama geri\u00e1trica Gerimatic destaca por su s\u00f3lida y resistente estructura met\u00e1lica de acero tubular reforzado. Tiene un alto grado de adaptabilidad gracias a su lecho fabricado en bastidor de&#8230;<\/p>\n","protected":false},"featured_media":701,"template":"","meta":[],"product_brand":[48],"product_cat":[42,39],"product_tag":[],"class_list":{"0":"post-583","1":"product","2":"type-product","3":"status-publish","4":"has-post-thumbnail","6":"product_brand-alfa-descanso","7":"product_cat-camas-geriatricas","8":"product_cat-geriatria-ortopedia","10":"first","11":"instock","12":"shipping-taxable","13":"product-type-simple"},"jetpack_sharing_enabled":true,"_links":{"self":[{"href":"https:\/\/alfadescanso.com\/index.php\/wp-json\/wp\/v2\/product\/583","targetHints":{"allow":["GET"]}}],"collection":[{"href":"https:\/\/alfadescanso.com\/index.php\/wp-json\/wp\/v2\/product"}],"about":[{"href":"https:\/\/alfadescanso.com\/index.php\/wp-json\/wp\/v2\/types\/product"}],"wp:featuredmedia":[{"embeddable":true,"href":"https:\/\/alfadescanso.com\/index.php\/wp-json\/wp\/v2\/media\/701"}],"wp:attachment":[{"href":"https:\/\/alfadescanso.com\/index.php\/wp-json\/wp\/v2\/media?parent=583"}],"wp:term":[{"taxonomy":"product_brand","embeddable":true,"href":"https:\/\/alfadescanso.com\/index.php\/wp-json\/wp\/v2\/product_brand?post=583"},{"taxonomy":"product_cat","embeddable":true,"href":"https:\/\/alfadescanso.com\/index.php\/wp-json\/wp\/v2\/product_cat?post=583"},{"taxonomy":"product_tag","embeddable":true,"href":"https:\/\/alfadescanso.com\/index.php\/wp-json\/wp\/v2\/product_tag?post=583"}],"curies":[{"name":"wp","href":"https:\/\/api.w.org\/{rel}","templated":true}]}}