{"id":582,"date":"2025-05-02T13:49:47","date_gmt":"2025-05-02T11:49:47","guid":{"rendered":"https:\/\/alfadescanso.com\/?post_type=product&#038;p=582"},"modified":"2025-06-18T15:08:32","modified_gmt":"2025-06-18T13:08:32","slug":"elevacam","status":"publish","type":"product","link":"https:\/\/alfadescanso.com\/index.php\/producto\/elevacam\/","title":{"rendered":"ELEVACAM"},"content":{"rendered":"<p style=\"margin-bottom: 6.75pt; line-height: normal; background: #ffffff;\">El carro elevador Elevacam destaca por su s\u00f3lida y resistente estructura met\u00e1lica de acero tubular. Est\u00e1 compuesto por un bastidor exterior de 50x20mm e interior de 30x30mm. Incorpora soportes basculantes de caucho y el carro est\u00e1 provisto de 4 ruedas giratorias especiales de 100mm con aro de goma gris. Dos de las ruedas en diagonal incorporan sistema frenado. Tiene un alto grado de adaptabilidad debido a su capacidad de articulaci\u00f3n con 70\u00ba de angulo en respaldo y 43\u00ba en elevaci\u00f3n de pierna.<\/p>\n<p style=\"margin-bottom: 6.75pt; line-height: normal; background: #ffffff;\"><img loading=\"lazy\" decoding=\"async\" src=\"https:\/\/koraldescanso.com\/img\/cms\/Marcas%20de%20Categorias\/ALFA%20QUALITY%20CONTROL.png\" alt=\"Logotipo, IconoDescripci\u00f3n generada autom\u00e1ticamente\" width=\"63\" height=\"34\" \/> Este producto est\u00e1 elaborado en nuestras instalaciones pasando por un exhaustivo control de gesti\u00f3n y calidad.<\/p>\n<p><img loading=\"lazy\" decoding=\"async\" class=\"aligncenter\" src=\"https:\/\/koraldescanso.com\/img\/cms\/Geriatria\/06beab97-d18d-4a08-b7ac-65d9aef5aa4f.jpg\" alt=\"CANAPE%20BARI.png\" width=\"600\" height=\"600\" \/><!--more--><\/p>\n<p style=\"font-weight: 400; text-align: center;\">&#8211; Fabrica en acero reforzado.<\/p>\n<p style=\"font-weight: 400; text-align: center;\">&#8211; Bastidor exterior de 50x20mm e interior de 30x30mm.<\/p>\n<p style=\"font-weight: 400; text-align: center;\">&#8211; Grado elevado de adaptabilidad.<\/p>\n<p style=\"font-weight: 400; text-align: center;\">Lecho fabricado en bastidor de 30x20mm.<\/p>\n<p style=\"font-weight: 400; text-align: center;\">&#8211; 24 lamas de madera de haya 80&#215;3,8&#215;0,8 cm.<\/p>\n<p style=\"font-weight: 400; text-align: center;\">&#8211; Soportes basculantes de caucho.<\/p>\n<p style=\"font-weight: 400; text-align: center;\">&#8211; Carro provisto de 4 ruedas de 100 mm.<\/p>\n<p style=\"font-weight: 400; text-align: center;\">&#8211; 2 ruedas con freno en diagonal para blanquear.<\/p>\n<p style=\"font-weight: 400; text-align: center;\">&#8211; Carro elevador de altura variable de 38,5 a 82cm.<\/p>\n<p style=\"font-weight: 400; text-align: center;\">&#8211; Peso m\u00e1x. del usuario: 135 Kg.<\/p>\n<p style=\"font-weight: 400; text-align: center;\">&#8211; \u00c1ngulo respaldo: M\u00e1x. 70\u00ba.<\/p>\n<p style=\"font-weight: 400; text-align: center;\">&#8211; \u00c1ngulo elevaci\u00f3n pierna: M\u00e1x. 43\u00ba.<\/p>\n","protected":false},"excerpt":{"rendered":"<p>El carro elevador Elevacam destaca por su s\u00f3lida y resistente estructura met\u00e1lica de acero tubular. Est\u00e1 compuesto por un bastidor exterior de 50x20mm e interior de 30x30mm. Incorpora soportes basculantes&#8230;<\/p>\n","protected":false},"featured_media":700,"template":"","meta":[],"product_brand":[48],"product_cat":[42,39],"product_tag":[],"class_list":{"0":"post-582","1":"product","2":"type-product","3":"status-publish","4":"has-post-thumbnail","6":"product_brand-alfa-descanso","7":"product_cat-camas-geriatricas","8":"product_cat-geriatria-ortopedia","10":"first","11":"instock","12":"shipping-taxable","13":"product-type-simple"},"jetpack_sharing_enabled":true,"_links":{"self":[{"href":"https:\/\/alfadescanso.com\/index.php\/wp-json\/wp\/v2\/product\/582","targetHints":{"allow":["GET"]}}],"collection":[{"href":"https:\/\/alfadescanso.com\/index.php\/wp-json\/wp\/v2\/product"}],"about":[{"href":"https:\/\/alfadescanso.com\/index.php\/wp-json\/wp\/v2\/types\/product"}],"wp:featuredmedia":[{"embeddable":true,"href":"https:\/\/alfadescanso.com\/index.php\/wp-json\/wp\/v2\/media\/700"}],"wp:attachment":[{"href":"https:\/\/alfadescanso.com\/index.php\/wp-json\/wp\/v2\/media?parent=582"}],"wp:term":[{"taxonomy":"product_brand","embeddable":true,"href":"https:\/\/alfadescanso.com\/index.php\/wp-json\/wp\/v2\/product_brand?post=582"},{"taxonomy":"product_cat","embeddable":true,"href":"https:\/\/alfadescanso.com\/index.php\/wp-json\/wp\/v2\/product_cat?post=582"},{"taxonomy":"product_tag","embeddable":true,"href":"https:\/\/alfadescanso.com\/index.php\/wp-json\/wp\/v2\/product_tag?post=582"}],"curies":[{"name":"wp","href":"https:\/\/api.w.org\/{rel}","templated":true}]}}