{"id":578,"date":"2025-05-02T13:38:11","date_gmt":"2025-05-02T11:38:11","guid":{"rendered":"https:\/\/alfadescanso.com\/?post_type=product&#038;p=578"},"modified":"2025-06-18T14:30:04","modified_gmt":"2025-06-18T12:30:04","slug":"xela-gold","status":"publish","type":"product","link":"https:\/\/alfadescanso.com\/index.php\/producto\/xela-gold\/","title":{"rendered":"XELA GOLD"},"content":{"rendered":"<p style=\"margin-bottom: 6.75pt; line-height: normal; background: #FFFFFF;\">La base Xela Gold es una alternativa imprescindible para aquellos clientes que tienen colchones de muelles ensacados y no quieren un canap\u00e9. Re\u00fane las caracter\u00edsticas de un producto cl\u00e1sico cuya novedad es la de un bastidor met\u00e1lico, firme y r\u00edgido de 30&#215;30 mm con un tapizado que incluye 4 v\u00e1lvulas de aireaci\u00f3n.\u00a0 El tablero est\u00e1 formado por 5 barras transversales soldadas y de aglomerado de 10 mm que proporciona una alta resistencia.<\/p>\n<p style=\"margin-bottom: 6.75pt; line-height: normal; background: #FFFFFF;\">La base incluye de serie 6 pletinas de rosca pero a partir de medidas superiores a 135 cm incluye 7 pletinas.<\/p>\n<p style=\"margin-bottom: 6.75pt; line-height: normal; background: #FFFFFF;\">Sus aireadores permiten una correcta ventilaci\u00f3n de la propia base con el colch\u00f3n, lo que aumenta considerablemente la transpirabilidad.<\/p>\n<p style=\"margin-bottom: 6.75pt; line-height: normal; background: #FFFFFF;\"><img loading=\"lazy\" decoding=\"async\" src=\"https:\/\/koraldescanso.com\/img\/cms\/Marcas%20de%20Categorias\/ALFA%20QUALITY%20CONTROL.png\" alt=\"Logotipo, IconoDescripci\u00f3n generada autom\u00e1ticamente\" width=\"63\" height=\"34\" \/>Este producto est\u00e1 elaborado en nuestras instalaciones pasando por un exhaustivo control de gesti\u00f3n y calidad.<\/p>\n<p><img loading=\"lazy\" decoding=\"async\" class=\"aligncenter\" src=\"https:\/\/koraldescanso.com\/img\/cms\/Bases%20y%20Canap%C3%A9s\/Base-HADA-LUXE-Principal.jpg\" alt=\"CANAPE%20BARI.png\" width=\"600\" height=\"600\" \/><!--more--><\/p>\n<p style=\"text-align: center;\"><strong>&#8211; NO incluye juego de patas.<\/strong><\/p>\n<p style=\"text-align: center;\">&#8211; Bastidor tapizado en tejido 3D acolchado de 350gr antideslizante.<\/p>\n<p style=\"text-align: center;\">&#8211; 4 v\u00e1lvulas de aireaci\u00f3n.<\/p>\n<p style=\"text-align: center;\">&#8211; Bastidor met\u00e1lico de 30&#215;30 mm.<\/p>\n<p style=\"text-align: center;\">&#8211; 5 barras transversales soldadas.<\/p>\n<p style=\"text-align: center;\">&#8211; Tablero superior de part\u00edculas de aglomerado de 10mm.<\/p>\n<p style=\"text-align: center;\">&#8211; Base firme y r\u00edgida con 6 pletinas de rosca.<\/p>\n<p style=\"text-align: center;\">&#8211; En medidas superiores de 135cm incluye 7 pletinas<\/p>\n","protected":false},"excerpt":{"rendered":"<p>La base Xela Gold es una alternativa imprescindible para aquellos clientes que tienen colchones de muelles ensacados y no quieren un canap\u00e9. Re\u00fane las caracter\u00edsticas de un producto cl\u00e1sico cuya&#8230;<\/p>\n","protected":false},"featured_media":662,"template":"","meta":[],"product_brand":[48],"product_cat":[26,25],"product_tag":[],"class_list":{"0":"post-578","1":"product","2":"type-product","3":"status-publish","4":"has-post-thumbnail","6":"product_brand-alfa-descanso","7":"product_cat-bases-tapizadas","8":"product_cat-bases-canapes","10":"first","11":"instock","12":"shipping-taxable","13":"product-type-simple"},"jetpack_sharing_enabled":true,"_links":{"self":[{"href":"https:\/\/alfadescanso.com\/index.php\/wp-json\/wp\/v2\/product\/578","targetHints":{"allow":["GET"]}}],"collection":[{"href":"https:\/\/alfadescanso.com\/index.php\/wp-json\/wp\/v2\/product"}],"about":[{"href":"https:\/\/alfadescanso.com\/index.php\/wp-json\/wp\/v2\/types\/product"}],"wp:featuredmedia":[{"embeddable":true,"href":"https:\/\/alfadescanso.com\/index.php\/wp-json\/wp\/v2\/media\/662"}],"wp:attachment":[{"href":"https:\/\/alfadescanso.com\/index.php\/wp-json\/wp\/v2\/media?parent=578"}],"wp:term":[{"taxonomy":"product_brand","embeddable":true,"href":"https:\/\/alfadescanso.com\/index.php\/wp-json\/wp\/v2\/product_brand?post=578"},{"taxonomy":"product_cat","embeddable":true,"href":"https:\/\/alfadescanso.com\/index.php\/wp-json\/wp\/v2\/product_cat?post=578"},{"taxonomy":"product_tag","embeddable":true,"href":"https:\/\/alfadescanso.com\/index.php\/wp-json\/wp\/v2\/product_tag?post=578"}],"curies":[{"name":"wp","href":"https:\/\/api.w.org\/{rel}","templated":true}]}}