{"id":547,"date":"2025-05-02T12:57:29","date_gmt":"2025-05-02T10:57:29","guid":{"rendered":"https:\/\/alfadescanso.com\/?post_type=product&#038;p=547"},"modified":"2025-06-18T15:11:02","modified_gmt":"2025-06-18T13:11:02","slug":"sanivisco","status":"publish","type":"product","link":"https:\/\/alfadescanso.com\/index.php\/producto\/sanivisco\/","title":{"rendered":"SANIVISCO"},"content":{"rendered":"<p style=\"margin-bottom: 6.75pt; line-height: normal; background: #FFFFFF;\">El colch\u00f3n Sanivisco est\u00e1 compuesto por nuestro n\u00facleo de espuma Cloud Comfort Foam\u00ae de alta densidad 17KG combinada con una viscoel\u00e1stica adaptable de 3cm, que ayudan a mantener una correcta postura para dormir. Destaca por su nucleo perfilado que lo hace perfecto para somieres articulados, con su alta firmeza,\u00a0 y m\u00e1xima adaptabilidad. La funda exterior del colch\u00f3n es de poliuretano, transpirable, ignifuga y porta una cremallera en forma de L, que adem\u00e1s es lavable a 90\u00ba.<\/p>\n<p style=\"font-weight: 300;\">\u00a0 <img loading=\"lazy\" decoding=\"async\" class=\"\" src=\"https:\/\/koraldescanso.com\/img\/cms\/Marcas%20de%20Categorias\/ALFA%20QUALITY%20CONTROL.png\" width=\"72\" height=\"39\" \/>\u00a0 Este producto est\u00e1 elaborado en nuestras instalaciones pasando por un exhaustivo control de gesti\u00f3n y calidad.<\/p>\n<p><img loading=\"lazy\" decoding=\"async\" class=\"aligncenter\" src=\"https:\/\/koraldescanso.com\/img\/cms\/Colchones\/Espuma-Colch%C3%B3n-Sanitario-con-visco.jpg\" alt=\"Medic.jpg\" width=\"600\" height=\"600\" \/><!--more--><\/p>\n<h1 style=\"text-align: center;\"><img loading=\"lazy\" decoding=\"async\" style=\"margin-left: auto; margin-right: auto;\" src=\"https:\/\/koraldescanso.com\/img\/cms\/Marcas de Categorias\/Colchones\/comfort_cloud.png\" width=\"300\" height=\"250\" \/>\u00a0+\u00a0<img loading=\"lazy\" decoding=\"async\" style=\"margin-left: auto; margin-right: auto;\" src=\"https:\/\/koraldescanso.com\/img\/cms\/Marcas de Categorias\/Colchones\/LOGO_VISCOELASTIC_FOAM-05.png\" alt=\"viscoelastic_foam_1.png\" width=\"300\" height=\"250\" \/><\/h1>\n<p style=\"font-weight: 400; text-align: center;\">N\u00facleo de 17cm de HR High Density<\/p>\n<p style=\"font-weight: 400; text-align: center;\">3 cm de viscoel\u00e1stica.<\/p>\n<p style=\"font-weight: 400; text-align: center;\">Perfilado con c\u00e1maras de aire.<\/p>\n","protected":false},"excerpt":{"rendered":"<p>El colch\u00f3n Sanivisco est\u00e1 compuesto por nuestro n\u00facleo de espuma Cloud Comfort Foam\u00ae de alta densidad 17KG combinada con una viscoel\u00e1stica adaptable de 3cm, que ayudan a mantener una correcta&#8230;<\/p>\n","protected":false},"featured_media":1066,"template":"","meta":[],"product_brand":[48],"product_cat":[41,39],"product_tag":[],"class_list":{"0":"post-547","1":"product","2":"type-product","3":"status-publish","4":"has-post-thumbnail","6":"product_brand-alfa-descanso","7":"product_cat-colchones-geriatria","8":"product_cat-geriatria-ortopedia","10":"first","11":"instock","12":"shipping-taxable","13":"product-type-simple"},"jetpack_sharing_enabled":true,"_links":{"self":[{"href":"https:\/\/alfadescanso.com\/index.php\/wp-json\/wp\/v2\/product\/547","targetHints":{"allow":["GET"]}}],"collection":[{"href":"https:\/\/alfadescanso.com\/index.php\/wp-json\/wp\/v2\/product"}],"about":[{"href":"https:\/\/alfadescanso.com\/index.php\/wp-json\/wp\/v2\/types\/product"}],"wp:featuredmedia":[{"embeddable":true,"href":"https:\/\/alfadescanso.com\/index.php\/wp-json\/wp\/v2\/media\/1066"}],"wp:attachment":[{"href":"https:\/\/alfadescanso.com\/index.php\/wp-json\/wp\/v2\/media?parent=547"}],"wp:term":[{"taxonomy":"product_brand","embeddable":true,"href":"https:\/\/alfadescanso.com\/index.php\/wp-json\/wp\/v2\/product_brand?post=547"},{"taxonomy":"product_cat","embeddable":true,"href":"https:\/\/alfadescanso.com\/index.php\/wp-json\/wp\/v2\/product_cat?post=547"},{"taxonomy":"product_tag","embeddable":true,"href":"https:\/\/alfadescanso.com\/index.php\/wp-json\/wp\/v2\/product_tag?post=547"}],"curies":[{"name":"wp","href":"https:\/\/api.w.org\/{rel}","templated":true}]}}