{"id":444,"date":"2025-04-30T12:12:12","date_gmt":"2025-04-30T10:12:12","guid":{"rendered":"https:\/\/alfadescanso.com\/?post_type=product&#038;p=444"},"modified":"2025-09-26T22:16:15","modified_gmt":"2025-09-26T20:16:15","slug":"palace-spring","status":"publish","type":"product","link":"https:\/\/alfadescanso.com\/index.php\/producto\/palace-spring\/","title":{"rendered":"PALACE SPRING"},"content":{"rendered":"<p style=\"font-weight: 300;\">El colch\u00f3n Palace Spring est\u00e1 compuesto por nuestro n\u00facleo de 800 muelles ensacados Spring Mattress\u00ae con un refuerzo perimetral de alta densidad y 4cm de grosor, el cual est\u00e1 combinado con una plancha de 4 cm de Comfort Cloud Foam\u00ae . Esta variante de la familia Palace, se distingue de su hermano por su media firmeza frente a la baja del Foam que combinada con su n\u00facleo de muelles y el resto de materiales ofrece una alta adaptabilidad. Destaca por sus incre\u00edbles acabados con su platabanda capiton\u00e9 y tambi\u00e9n su acolchado en la tapa B que aporta notable transpirabilidad, lo que tambi\u00e9n ayuda a mantener una temperatura \u00f3ptima durante el descanso.<\/p>\n<p style=\"font-weight: 300;\">\u00a0 <img loading=\"lazy\" decoding=\"async\" class=\"\" src=\"https:\/\/koraldescanso.com\/img\/cms\/Marcas%20de%20Categorias\/ALFA%20QUALITY%20CONTROL.png\" width=\"72\" height=\"39\" \/>\u00a0 Este producto est\u00e1 elaborado en nuestras instalaciones pasando por un exhaustivo control de gesti\u00f3n y calidad.<\/p>\n<p><img loading=\"lazy\" decoding=\"async\" class=\"aligncenter\" src=\"https:\/\/koraldescanso.com\/img\/cms\/Colchones\/Colch%C3%B3n-PALACE-Capas-Con-Texto.jpg\" alt=\"Colchon-ROYAL-Capas-Con-Texto.jpg\" width=\"800\" height=\"800\" \/><!--more--><\/p>\n<p style=\"font-weight: 300;\">\n","protected":false},"excerpt":{"rendered":"<p class=\"MsoNormal\"><b><span style=\"font-family: Montserrat;\">N\u00facleo<\/span><\/b><span style=\"font-family: Montserrat;\">: Muelles ensacados + viscoel\u00e1stica.<\/span><\/p>\n<p class=\"MsoNormal\"><b><span style=\"font-family: Montserrat;\">Altura<\/span><\/b><span style=\"font-family: Montserrat;\">: +\/- 30 cm.<\/span><\/p>\n<p class=\"MsoNormal\"><span style=\"font-family: Montserrat;\">Anti\u00e1caros y antibacterias.<\/span><\/p>\n<p class=\"MsoNormal\">\n<p><b><span style=\"font-size: 8.5pt; font-family: Verdana, sans-serif;\"><img loading=\"lazy\" decoding=\"async\" src=\"https:\/\/koraldescanso.com\/img\/cms\/Marcas%20de%20Categorias\/Colchones\/comfort_cloud.png\" alt=\"VEFER.png\" width=\"77\" height=\"77\" \/><img loading=\"lazy\" decoding=\"async\" src=\"https:\/\/koraldescanso.com\/img\/cms\/Marcas%20de%20Categorias\/Colchones\/foam_support.png\" alt=\"foam_support.png\" width=\"77\" height=\"77\" \/><\/span><\/b><b><span style=\"font-size: 8.5pt; font-family: Verdana, sans-serif;\"><img loading=\"lazy\" decoding=\"async\" src=\"https:\/\/koraldescanso.com\/img\/cms\/Marcas%20de%20Categorias\/Colchones\/spring_mattress.png\" alt=\"KOMFORT SAC\u00c7.png\" width=\"77\" height=\"77\" \/><\/span><\/b><b><span style=\"font-size: 8.5pt; font-family: Verdana, sans-serif;\"><img loading=\"lazy\" decoding=\"async\" src=\"https:\/\/koraldescanso.com\/img\/cms\/Marcas%20de%20Categorias\/Colchones\/perimetro_reforzado.png\" alt=\"perimetro_reforzado.png\" width=\"77\" height=\"77\" \/><img loading=\"lazy\" decoding=\"async\" src=\"https:\/\/koraldescanso.com\/img\/cms\/Marcas%20de%20Categorias\/Colchones\/tejido_3d.png\" alt=\"\" width=\"77\" height=\"77\" \/><\/span><\/b><b><span style=\"font-size: 8.5pt; font-family: Verdana, sans-serif;\"><img loading=\"lazy\" decoding=\"async\" src=\"https:\/\/koraldescanso.com\/img\/cms\/Marcas%20de%20Categorias\/Colchones\/LOGO_OEKO_TEX.png\" alt=\"FOAM SUPPORT.png\" width=\"77\" height=\"77\" \/><\/span><\/b><b><span style=\"font-size: 8.5pt; font-family: Verdana, sans-serif;\"><img loading=\"lazy\" decoding=\"async\" src=\"https:\/\/koraldescanso.com\/img\/cms\/CATALOGO%20KORFLEX\/TODOS%20JUNTITOS-20.png\" alt=\"Imagen que contiene escena, cuarto, firmar, tablaDescripci\u00f3n generada autom\u00e1ticamente\" width=\"77\" height=\"77\" \/><\/span><\/b><img loading=\"lazy\" decoding=\"async\" style=\"color: #333333; font-family: 'PT Sans', sans-serif; font-size: 16px; background-color: #ffffff;\" src=\"https:\/\/koraldescanso.com\/img\/cms\/Marcas%20de%20Categorias\/Colchones\/ALFA%20QUALITY%20CONTROL.png\" alt=\"ALFA QUALITY CONTROL.png\" width=\"77\" height=\"77\" \/><\/p>\n","protected":false},"featured_media":448,"template":"","meta":[],"product_brand":[48],"product_cat":[21,22],"product_tag":[],"class_list":{"0":"post-444","1":"product","2":"type-product","3":"status-publish","4":"has-post-thumbnail","6":"product_brand-alfa-descanso","7":"product_cat-colchones","8":"product_cat-muelles-ensacados","10":"first","11":"instock","12":"shipping-taxable","13":"product-type-simple"},"jetpack_sharing_enabled":true,"_links":{"self":[{"href":"https:\/\/alfadescanso.com\/index.php\/wp-json\/wp\/v2\/product\/444","targetHints":{"allow":["GET"]}}],"collection":[{"href":"https:\/\/alfadescanso.com\/index.php\/wp-json\/wp\/v2\/product"}],"about":[{"href":"https:\/\/alfadescanso.com\/index.php\/wp-json\/wp\/v2\/types\/product"}],"wp:featuredmedia":[{"embeddable":true,"href":"https:\/\/alfadescanso.com\/index.php\/wp-json\/wp\/v2\/media\/448"}],"wp:attachment":[{"href":"https:\/\/alfadescanso.com\/index.php\/wp-json\/wp\/v2\/media?parent=444"}],"wp:term":[{"taxonomy":"product_brand","embeddable":true,"href":"https:\/\/alfadescanso.com\/index.php\/wp-json\/wp\/v2\/product_brand?post=444"},{"taxonomy":"product_cat","embeddable":true,"href":"https:\/\/alfadescanso.com\/index.php\/wp-json\/wp\/v2\/product_cat?post=444"},{"taxonomy":"product_tag","embeddable":true,"href":"https:\/\/alfadescanso.com\/index.php\/wp-json\/wp\/v2\/product_tag?post=444"}],"curies":[{"name":"wp","href":"https:\/\/api.w.org\/{rel}","templated":true}]}}