{"id":413,"date":"2025-04-28T12:09:15","date_gmt":"2025-04-28T10:09:15","guid":{"rendered":"https:\/\/alfadescanso.com\/?post_type=product&#038;p=413"},"modified":"2025-09-26T22:19:47","modified_gmt":"2025-09-26T20:19:47","slug":"horus","status":"publish","type":"product","link":"https:\/\/alfadescanso.com\/index.php\/producto\/horus\/","title":{"rendered":"HORUS"},"content":{"rendered":"<p style=\"font-weight: 300;\">El colch\u00f3n Horus est\u00e1 compuesto por nuestro n\u00facleo de 800 muelles ensacados\u00a0Spring Mattress\u00ae\u00a0 combinado con una viscoel\u00e1stica adaptable de 5cm, que ayudan a mantener una correcta postura para dormir. Destaca por su m\u00e1xima firmeza, alta adaptabilidad y transpirabilidad, lo que tambi\u00e9n ayuda a mantener una temperatura \u00f3ptima durante el descanso.<\/p>\n<p style=\"font-weight: 300;\">\u00a0 <img loading=\"lazy\" decoding=\"async\" class=\"\" src=\"https:\/\/koraldescanso.com\/img\/cms\/Marcas%20de%20Categorias\/ALFA%20QUALITY%20CONTROL.png\" width=\"72\" height=\"39\" \/>\u00a0 Este producto est\u00e1 elaborado en nuestras instalaciones pasando por un exhaustivo control de gesti\u00f3n y calidad.<\/p>\n<p><img loading=\"lazy\" decoding=\"async\" class=\"aligncenter\" src=\"https:\/\/koraldescanso.com\/img\/cms\/Colchones\/Colchon-HORUS-Capas.jpg\" alt=\"Colchon-MONTBLANC-Capas-Con-Texto.jpg\" width=\"800\" height=\"800\" \/><\/p>\n","protected":false},"excerpt":{"rendered":"<p class=\"MsoNormal\"><b><span style=\"font-family: Montserrat;\">N\u00facleo<\/span><\/b><span style=\"font-family: Montserrat;\">: Articulado de muelles ensacados + viscoel\u00e1stica.<\/span><\/p>\n<p class=\"MsoNormal\"><b><span style=\"font-family: Montserrat;\">Altura<\/span><\/b><span style=\"font-family: Montserrat;\">: +\/- 29 cm.<\/span><\/p>\n<p class=\"MsoNormal\"><span style=\"font-family: Montserrat;\">Anti\u00e1caros y antibacterias.<\/span><\/p>\n<p class=\"MsoNormal\"><span style=\"font-family: Montserrat;\"><\/span><\/p>\n<p><b><span style=\"font-size: 8.5pt; font-family: Verdana, sans-serif;\"><img loading=\"lazy\" decoding=\"async\" src=\"https:\/\/koraldescanso.com\/img\/cms\/Marcas%20de%20Categorias\/Colchones\/LOGO_VISCOELASTIC_FOAM-05.png\" width=\"77\" height=\"72\" alt=\"VEFER.png\" \/><img loading=\"lazy\" decoding=\"async\" src=\"https:\/\/koraldescanso.com\/img\/cms\/Marcas%20de%20Categorias\/Colchones\/comfort_cloud.png\" width=\"77\" height=\"77\" alt=\"foam_support.png\" \/><\/span><\/b><b><span style=\"font-size: 8.5pt; font-family: Verdana, sans-serif;\"><img loading=\"lazy\" decoding=\"async\" src=\"https:\/\/koraldescanso.com\/img\/cms\/Marcas%20de%20Categorias\/Colchones\/spring_mattress.png\" width=\"77\" height=\"77\" alt=\"KOMFORT SAC\u00c7.png\" \/><\/span><\/b><b><span style=\"font-size: 8.5pt; font-family: Verdana, sans-serif;\"><img loading=\"lazy\" decoding=\"async\" src=\"https:\/\/koraldescanso.com\/img\/cms\/Marcas%20de%20Categorias\/Colchones\/xtreme%20perimeter.png\" width=\"77\" height=\"77\" alt=\"perimetro_reforzado.png\" \/><\/span><\/b><b><span style=\"font-size: 8.5pt; font-family: Verdana, sans-serif;\"><img loading=\"lazy\" decoding=\"async\" src=\"https:\/\/koraldescanso.com\/img\/cms\/Marcas%20de%20Categorias\/Colchones\/LOGO_OEKO_TEX.png\" width=\"77\" height=\"77\" alt=\"FOAM SUPPORT.png\" \/><\/span><\/b><b><span style=\"font-size: 8.5pt; font-family: Verdana, sans-serif;\"><img loading=\"lazy\" decoding=\"async\" width=\"77\" height=\"77\" src=\"https:\/\/koraldescanso.com\/img\/cms\/CATALOGO%20KORFLEX\/TODOS%20JUNTITOS-20.png\" alt=\"Imagen que contiene escena, cuarto, firmar, tablaDescripci\u00f3n generada autom\u00e1ticamente\" \/><\/span><\/b><img loading=\"lazy\" decoding=\"async\" src=\"https:\/\/koraldescanso.com\/img\/cms\/Marcas%20de%20Categorias\/Colchones\/ALFA%20QUALITY%20CONTROL.png\" width=\"77\" height=\"77\" alt=\"ALFA QUALITY CONTROL.png\" style=\"color: #333333; font-family: 'PT Sans', sans-serif; font-size: 16px; background-color: #ffffff;\" \/><\/p>\n","protected":false},"featured_media":421,"template":"","meta":[],"product_brand":[48],"product_cat":[21,22],"product_tag":[],"class_list":{"0":"post-413","1":"product","2":"type-product","3":"status-publish","4":"has-post-thumbnail","6":"product_brand-alfa-descanso","7":"product_cat-colchones","8":"product_cat-muelles-ensacados","10":"first","11":"instock","12":"shipping-taxable","13":"product-type-simple"},"jetpack_sharing_enabled":true,"_links":{"self":[{"href":"https:\/\/alfadescanso.com\/index.php\/wp-json\/wp\/v2\/product\/413","targetHints":{"allow":["GET"]}}],"collection":[{"href":"https:\/\/alfadescanso.com\/index.php\/wp-json\/wp\/v2\/product"}],"about":[{"href":"https:\/\/alfadescanso.com\/index.php\/wp-json\/wp\/v2\/types\/product"}],"wp:featuredmedia":[{"embeddable":true,"href":"https:\/\/alfadescanso.com\/index.php\/wp-json\/wp\/v2\/media\/421"}],"wp:attachment":[{"href":"https:\/\/alfadescanso.com\/index.php\/wp-json\/wp\/v2\/media?parent=413"}],"wp:term":[{"taxonomy":"product_brand","embeddable":true,"href":"https:\/\/alfadescanso.com\/index.php\/wp-json\/wp\/v2\/product_brand?post=413"},{"taxonomy":"product_cat","embeddable":true,"href":"https:\/\/alfadescanso.com\/index.php\/wp-json\/wp\/v2\/product_cat?post=413"},{"taxonomy":"product_tag","embeddable":true,"href":"https:\/\/alfadescanso.com\/index.php\/wp-json\/wp\/v2\/product_tag?post=413"}],"curies":[{"name":"wp","href":"https:\/\/api.w.org\/{rel}","templated":true}]}}