{"id":388,"date":"2025-04-28T11:16:03","date_gmt":"2025-04-28T09:16:03","guid":{"rendered":"https:\/\/alfadescanso.com\/?post_type=product&#038;p=388"},"modified":"2025-09-26T22:15:21","modified_gmt":"2025-09-26T20:15:21","slug":"hermes","status":"publish","type":"product","link":"https:\/\/alfadescanso.com\/index.php\/producto\/hermes\/","title":{"rendered":"HERMES"},"content":{"rendered":"<p style=\"font-weight: 300;\">El colch\u00f3n Herm\u00e9s\u00a0 est\u00e1 compuesto por nuestro n\u00facleo de espuma Comfort Cloud Foam\u00ae de alta densidad combinada con una viscoel\u00e1stica articulable con c\u00e1maras de aire que lo hacen una opci\u00f3n ideal y elegante para aquellos que prefieren un colch\u00f3n enfundado frente a uno tradicional. Ayuda a mantener una correcta postura para dormir. Destaca por su alta firmeza, m\u00e1xima adaptabilidad y transpirabilidad, lo que tambi\u00e9n ayuda a mantener una temperatura \u00f3ptima durante el descanso.<\/p>\n<p style=\"font-weight: 300;\"><img loading=\"lazy\" decoding=\"async\" class=\"\" src=\"https:\/\/koraldescanso.com\/img\/cms\/Marcas%20de%20Categorias\/ALFA%20QUALITY%20CONTROL.png\" width=\"79\" height=\"43\" \/> \u00a0Este producto est\u00e1 elaborado en nuestras instalaciones pasando por un exhaustivo control de gesti\u00f3n y calidad.<\/p>\n<p><img loading=\"lazy\" decoding=\"async\" class=\"aligncenter\" src=\"https:\/\/koraldescanso.com\/img\/cms\/Colchones\/Colchon-HERMES-Capa-Con-Texto.jpg\" alt=\"MODELO-01-Capas-Con-Texto.jpg\" width=\"800\" height=\"800\" \/><\/p>\n<p><img loading=\"lazy\" decoding=\"async\" class=\"aligncenter\" src=\"https:\/\/koraldescanso.com\/img\/cms\/Marcas%20de%20Categorias\/Colchones\/COMFORT_CLOUD_FOAM.png\" width=\"224\" height=\"66\" \/><\/p>\n<p style=\"font-weight: 300; text-align: center;\">Espumas \u00faltima generaci\u00f3n.<\/p>\n<p style=\"font-weight: 300; text-align: center;\">Tecnolog\u00eda sostenible con el medio ambiente.<\/p>\n<p style=\"font-weight: 300; text-align: center;\">Diferentes grados de firmeza y densidad.<\/p>\n<p style=\"font-weight: 300; text-align: center;\">Viscoel\u00e1stica de alta calidad.<\/p>\n<p style=\"font-weight: 300; text-align: center;\">N\u00facleos flexibles convencionales.<\/p>\n<p style=\"font-weight: 300; text-align: center;\">Adaptabilidad y confort sensorial.<\/p>\n","protected":false},"excerpt":{"rendered":"<p class=\"MsoNormal\"><b><span style=\"font-family: Montserrat;\">N\u00facleo<\/span><\/b><span style=\"font-family: Montserrat;\">: HR + viscoel\u00e1stica articulable.<\/span><\/p>\n<p class=\"MsoNormal\"><b><span style=\"font-family: Montserrat;\">Altura<\/span><\/b><span style=\"font-family: Montserrat;\">: +\/- 26 cm.<\/span><\/p>\n<p class=\"MsoNormal\"><span style=\"font-family: Montserrat;\">Anti\u00e1caros y antibacterias.<\/span><\/p>\n<p class=\"MsoNormal\"><span style=\"font-family: Montserrat;\"><\/span><\/p>\n<p><b><span style=\"font-size: 8.5pt; font-family: Verdana, sans-serif;\"><img loading=\"lazy\" decoding=\"async\" src=\"https:\/\/koraldescanso.com\/img\/cms\/Marcas%20de%20Categorias\/Colchones\/LOGO_NEO_GEL.jpg\" width=\"77\" height=\"72\" alt=\"VEFER.png\" \/><img loading=\"lazy\" decoding=\"async\" src=\"https:\/\/koraldescanso.com\/img\/cms\/Marcas%20de%20Categorias\/Colchones\/comfort_cloud.png\" width=\"77\" height=\"77\" alt=\"foam_support.png\" \/><\/span><\/b><b><span style=\"font-size: 8.5pt; font-family: Verdana, sans-serif;\"><img loading=\"lazy\" decoding=\"async\" src=\"https:\/\/koraldescanso.com\/img\/cms\/Marcas%20de%20Categorias\/Colchones\/tejido_3d.png\" alt=\"\" width=\"77\" height=\"77\" \/><\/span><\/b><b><span style=\"font-size: 8.5pt; font-family: Verdana, sans-serif;\"><img loading=\"lazy\" decoding=\"async\" src=\"https:\/\/koraldescanso.com\/img\/cms\/Marcas%20de%20Categorias\/Colchones\/LOGO_OEKO_TEX.png\" width=\"77\" height=\"77\" alt=\"FOAM SUPPORT.png\" \/><\/span><\/b><b><span style=\"font-size: 8.5pt; font-family: Verdana, sans-serif;\"><img loading=\"lazy\" decoding=\"async\" width=\"77\" height=\"77\" src=\"https:\/\/koraldescanso.com\/img\/cms\/CATALOGO%20KORFLEX\/TODOS%20JUNTITOS-20.png\" alt=\"Imagen que contiene escena, cuarto, firmar, tablaDescripci\u00f3n generada autom\u00e1ticamente\" \/><\/span><\/b><img loading=\"lazy\" decoding=\"async\" src=\"https:\/\/koraldescanso.com\/img\/cms\/Marcas%20de%20Categorias\/Colchones\/ALFA%20QUALITY%20CONTROL.png\" width=\"77\" height=\"77\" alt=\"ALFA QUALITY CONTROL.png\" style=\"color: #333333; font-family: 'PT Sans', sans-serif; font-size: 16px; background-color: #ffffff;\" \/><\/p><\/p>\n","protected":false},"featured_media":389,"template":"","meta":[],"product_brand":[48],"product_cat":[21,23],"product_tag":[],"class_list":{"0":"post-388","1":"product","2":"type-product","3":"status-publish","4":"has-post-thumbnail","6":"product_brand-alfa-descanso","7":"product_cat-colchones","8":"product_cat-viscoelasticos","10":"first","11":"instock","12":"shipping-taxable","13":"product-type-simple"},"jetpack_sharing_enabled":true,"_links":{"self":[{"href":"https:\/\/alfadescanso.com\/index.php\/wp-json\/wp\/v2\/product\/388","targetHints":{"allow":["GET"]}}],"collection":[{"href":"https:\/\/alfadescanso.com\/index.php\/wp-json\/wp\/v2\/product"}],"about":[{"href":"https:\/\/alfadescanso.com\/index.php\/wp-json\/wp\/v2\/types\/product"}],"wp:featuredmedia":[{"embeddable":true,"href":"https:\/\/alfadescanso.com\/index.php\/wp-json\/wp\/v2\/media\/389"}],"wp:attachment":[{"href":"https:\/\/alfadescanso.com\/index.php\/wp-json\/wp\/v2\/media?parent=388"}],"wp:term":[{"taxonomy":"product_brand","embeddable":true,"href":"https:\/\/alfadescanso.com\/index.php\/wp-json\/wp\/v2\/product_brand?post=388"},{"taxonomy":"product_cat","embeddable":true,"href":"https:\/\/alfadescanso.com\/index.php\/wp-json\/wp\/v2\/product_cat?post=388"},{"taxonomy":"product_tag","embeddable":true,"href":"https:\/\/alfadescanso.com\/index.php\/wp-json\/wp\/v2\/product_tag?post=388"}],"curies":[{"name":"wp","href":"https:\/\/api.w.org\/{rel}","templated":true}]}}