{"id":331,"date":"2025-04-28T09:42:27","date_gmt":"2025-04-28T07:42:27","guid":{"rendered":"https:\/\/alfadescanso.com\/?post_type=product&#038;p=331"},"modified":"2026-01-05T14:09:38","modified_gmt":"2026-01-05T13:09:38","slug":"artic-2","status":"publish","type":"product","link":"https:\/\/alfadescanso.com\/index.php\/producto\/artic-2\/","title":{"rendered":"EMPORIUM"},"content":{"rendered":"<p class=\"MsoNormal\"><b><span style=\"font-family: Montserrat;\">N\u00facleo<\/span><\/b><span style=\"font-family: Montserrat;\">: Muelles ensacados titanio.<\/span><\/p>\n<p class=\"MsoNormal\"><b><span style=\"font-family: Montserrat;\">Altura<\/span><\/b><span style=\"font-family: Montserrat;\">: +\/- 32 cm.<\/span><\/p>\n<p class=\"MsoNormal\"><span style=\"font-family: Montserrat;\">Anti\u00e1caros.<\/span><\/p>\n<p class=\"MsoNormal\">\n<p><b><span style=\"font-size: 8.5pt; font-family: Verdana, sans-serif;\"><img loading=\"lazy\" decoding=\"async\" src=\"https:\/\/koraldescanso.com\/img\/cms\/Marcas%20de%20Categorias\/Colchones\/xtreme%20perimeter.png\" alt=\"VEFER.png\" width=\"77\" height=\"77\" \/><\/span><\/b><b><span style=\"font-size: 8.5pt; font-family: Verdana, sans-serif;\"><img loading=\"lazy\" decoding=\"async\" src=\"https:\/\/koraldescanso.com\/img\/cms\/CATALOGO%20KORFLEX\/VEFER.png\" alt=\"KOMFORT SAC\u00c7.png\" width=\"77\" height=\"77\" \/><\/span><\/b><b><span style=\"font-size: 8.5pt; font-family: Verdana, sans-serif;\"><img loading=\"lazy\" decoding=\"async\" src=\"https:\/\/koraldescanso.com\/img\/cms\/Marcas%20de%20Categorias\/Colchones\/comfort_cloud.png\" alt=\"FOAM SUPPORT.png\" width=\"77\" height=\"77\" \/><\/span><\/b><b><span style=\"font-size: 8.5pt; font-family: Verdana, sans-serif;\"><img loading=\"lazy\" decoding=\"async\" src=\"https:\/\/koraldescanso.com\/img\/cms\/Marcas%20de%20Categorias\/Colchones\/spring_mattress.png\" alt=\"FOAM SUPPORT.png\" width=\"77\" height=\"77\" \/><\/span><\/b><b><span style=\"font-size: 8.5pt; font-family: Verdana, sans-serif;\"><img loading=\"lazy\" decoding=\"async\" src=\"https:\/\/koraldescanso.com\/img\/cms\/Marcas%20de%20Categorias\/Colchones\/LOGO_OEKO_TEX.png\" alt=\"Imagen que contiene escena, cuarto, firmar, tablaDescripci\u00f3n generada autom\u00e1ticamente\" width=\"77\" height=\"77\" \/><\/span><\/b><img loading=\"lazy\" decoding=\"async\" style=\"color: #333333; font-family: 'PT Sans', sans-serif; font-size: 16px; background-color: #ffffff;\" src=\"https:\/\/koraldescanso.com\/img\/cms\/Marcas%20de%20Categorias\/Colchones\/ALFA%20QUALITY%20CONTROL.png\" alt=\"ALFA QUALITY CONTROL.png\" width=\"77\" height=\"77\" \/><b><span style=\"font-size: 8.5pt; font-family: Verdana, sans-serif;\"><img loading=\"lazy\" decoding=\"async\" src=\"https:\/\/koraldescanso.com\/img\/cms\/CATALOGO%20KORFLEX\/TODOS%20JUNTITOS-20.png\" alt=\"Imagen que contiene escena, cuarto, firmar, tablaDescripci\u00f3n generada autom\u00e1ticamente\" width=\"77\" height=\"77\" \/><\/span><\/b><\/p>\n","protected":false},"excerpt":{"rendered":"<p class=\"MsoNormal\"><b><span style=\"font-family: 'Segoe UI Emoji', sans-serif;\">\ud83d\udecf\ufe0f\u2728<\/span><\/b><b><span style=\"font-family: Montserrat;\"> Lujo y sofisticaci\u00f3n con tecnolog\u00eda premium<\/span><\/b><\/p>\n<p>&nbsp;<\/p>\n<p>&nbsp;<\/p>\n<p class=\"MsoNormal\"><span style=\"font-family: Montserrat;\">El <b>colch\u00f3n EMPORIUM<\/b> representa la excelencia en descanso, dise\u00f1ado para quienes buscan <b>m\u00e1xima calidad y confort exclusivo<\/b>. Incorpora <b>muelles ensacados de titanio<\/b> que ofrecen independencia de lechos y soporte preciso, combinado con un dise\u00f1o <b>doble cara<\/b> para prolongar su vida \u00fatil. Sus tapas est\u00e1n confeccionadas con <b>lana de alpaca<\/b>, aportando suavidad, regulaci\u00f3n t\u00e9rmica natural y un toque de lujo. La <b>platabanda en tejido Jacquard<\/b> y los acabados premium completan un colch\u00f3n \u00fanico en su categor\u00eda.<\/span><\/p>\n<p class=\"MsoNormal\">\n<p class=\"MsoNormal\"><b><span style=\"font-family: 'Segoe UI Emoji', sans-serif;\">\ud83e\udde0<\/span><\/b><b><span style=\"font-family: Montserrat;\"> Dise\u00f1o ergon\u00f3mico y saludable<\/span><\/b><\/p>\n<p>&nbsp;<\/p>\n<p>&nbsp;<\/p>\n<ul style=\"margin-top: 0cm;\" type=\"disc\">\n<li class=\"MsoNormal\"><b><span style=\"font-family: Montserrat;\">Adaptabilidad:<\/span><\/b><span style=\"font-family: Montserrat;\"> Alta \u2013 Se ajusta al cuerpo con precisi\u00f3n.<\/span><\/li>\n<li class=\"MsoNormal\"><b><span style=\"font-family: Montserrat;\">Firmeza:<\/span><\/b><span style=\"font-family: Montserrat;\"> Alta \u2013 Soporte estable para una postura correcta.<\/span><\/li>\n<li class=\"MsoNormal\"><b><span style=\"font-family: Montserrat;\">Transpirabilidad:<\/span><\/b><span style=\"font-family: Montserrat;\"> Alta \u2013 Gracias a la lana de alpaca y la estructura de muelles, mantiene un descanso fresco y saludable.<\/span><\/li>\n<\/ul>\n<p class=\"MsoNormal\"><span style=\"font-family: Montserrat;\">Su dise\u00f1o <b>doble cara<\/b> permite alternar el uso para mayor durabilidad y confort durante todo el a\u00f1o.<\/span><\/p>\n<p class=\"MsoNormal\">\n<p class=\"MsoNormal\"><b><span style=\"font-family: 'Segoe UI Emoji', sans-serif;\">\ud83d\udee0\ufe0f<\/span><\/b><b><span style=\"font-family: Montserrat;\"> Materiales de calidad<\/span><\/b><\/p>\n<p>&nbsp;<\/p>\n<p>&nbsp;<\/p>\n<ul style=\"margin-top: 0cm;\" type=\"disc\">\n<li class=\"MsoNormal\"><b><span style=\"font-family: Montserrat;\">N\u00facleo:<\/span><\/b><span style=\"font-family: Montserrat;\"> Muelles ensacados de titanio para resistencia y flexibilidad.<\/span><\/li>\n<li class=\"MsoNormal\"><b><span style=\"font-family: Montserrat;\">Tapas:<\/span><\/b><span style=\"font-family: Montserrat;\"> Lana de alpaca natural para suavidad y regulaci\u00f3n t\u00e9rmica.<\/span><\/li>\n<li class=\"MsoNormal\"><b><span style=\"font-family: Montserrat;\">Platabanda:<\/span><\/b><span style=\"font-family: Montserrat;\"> Tejido Jacquard con acabados premium.<\/span><\/li>\n<\/ul>\n<p class=\"MsoNormal\">\n<p class=\"MsoNormal\"><b><span style=\"font-family: 'Segoe UI Emoji', sans-serif;\">\ud83d\udca1<\/span><\/b><b><span style=\"font-family: Montserrat;\"> Ventajas clave<\/span><\/b><\/p>\n<p>&nbsp;<\/p>\n<p>&nbsp;<\/p>\n<p class=\"MsoNormal\"><span style=\"font-family: 'Segoe UI Emoji', sans-serif;\">\u2705<\/span><span style=\"font-family: Montserrat;\"> Altura ultra premium con dise\u00f1o exclusivo<br \/>\n<\/span><span style=\"font-family: 'Segoe UI Emoji', sans-serif;\">\u2705<\/span><span style=\"font-family: Montserrat;\"> Muelles ensacados de titanio para soporte y durabilidad<br \/>\n<\/span><span style=\"font-family: 'Segoe UI Emoji', sans-serif;\">\u2705<\/span><span style=\"font-family: Montserrat;\"> Tapas con lana de alpaca para confort y frescor natural<br \/>\n<\/span><span style=\"font-family: 'Segoe UI Emoji', sans-serif;\">\u2705<\/span><span style=\"font-family: Montserrat;\"> Platabanda en tejido Jacquard con acabados de lujo<br \/>\n<\/span><span style=\"font-family: 'Segoe UI Emoji', sans-serif;\">\u2705<\/span><span style=\"font-family: Montserrat;\"> Doble cara para prolongar la vida <\/span><span style=\"font-family: Montserrat;\">\u00fa<\/span><span style=\"font-family: Montserrat;\">til del colch<\/span><span style=\"font-family: Montserrat;\">\u00f3<\/span><span style=\"font-family: Montserrat;\">n<\/span><\/p>\n<p class=\"MsoNormal\">\n<p class=\"MsoNormal\"><b><span style=\"font-family: 'Segoe UI Emoji', sans-serif;\">\u2139\ufe0f<\/span><\/b><b><span style=\"font-family: Montserrat;\"> Informaci\u00f3n sobre env\u00edo<\/span><\/b><\/p>\n<p>&nbsp;<\/p>\n<p>&nbsp;<\/p>\n<p class=\"MsoNormal\"><span style=\"font-family: 'Segoe UI Emoji', sans-serif;\">\ud83d\ude9a<\/span><span style=\"font-family: Montserrat;\"> Env\u00edo con total disponibilidad a tienda, cliente final y recogida en nuestros almacenes.<\/span><\/p>\n<p class=\"MsoNormal\">\n<p class=\"MsoNormal\"><b><span style=\"font-family: 'Segoe UI Emoji', sans-serif;\">\u26a0\ufe0f<\/span><\/b><b><span style=\"font-family: Montserrat;\"> Informaci\u00f3n sobre garant\u00eda<\/span><\/b><\/p>\n<p>&nbsp;<\/p>\n<p>&nbsp;<\/p>\n<p class=\"MsoNormal\"><span style=\"font-family: Montserrat;\">El producto se env\u00eda embalado y se recomienda <b>no usar objetos punzantes<\/b> al abrirlo, ya que cualquier da\u00f1o ocasionado anular\u00e1 la garant\u00eda.<br \/>\nSi el producto llega en malas condiciones debido al transporte, <b>debe ser rechazado en el momento de la entrega<\/b>, ya que en caso contrario ser\u00e1 responsabilidad del cliente devolverlo a nuestras instalaciones.<\/span><\/p>\n","protected":false},"featured_media":1393,"template":"","meta":[],"product_brand":[48],"product_cat":[21,22],"product_tag":[],"class_list":{"0":"post-331","1":"product","2":"type-product","3":"status-publish","4":"has-post-thumbnail","6":"product_brand-alfa-descanso","7":"product_cat-colchones","8":"product_cat-muelles-ensacados","10":"first","11":"instock","12":"featured","13":"shipping-taxable","14":"product-type-simple"},"jetpack_sharing_enabled":true,"_links":{"self":[{"href":"https:\/\/alfadescanso.com\/index.php\/wp-json\/wp\/v2\/product\/331","targetHints":{"allow":["GET"]}}],"collection":[{"href":"https:\/\/alfadescanso.com\/index.php\/wp-json\/wp\/v2\/product"}],"about":[{"href":"https:\/\/alfadescanso.com\/index.php\/wp-json\/wp\/v2\/types\/product"}],"wp:featuredmedia":[{"embeddable":true,"href":"https:\/\/alfadescanso.com\/index.php\/wp-json\/wp\/v2\/media\/1393"}],"wp:attachment":[{"href":"https:\/\/alfadescanso.com\/index.php\/wp-json\/wp\/v2\/media?parent=331"}],"wp:term":[{"taxonomy":"product_brand","embeddable":true,"href":"https:\/\/alfadescanso.com\/index.php\/wp-json\/wp\/v2\/product_brand?post=331"},{"taxonomy":"product_cat","embeddable":true,"href":"https:\/\/alfadescanso.com\/index.php\/wp-json\/wp\/v2\/product_cat?post=331"},{"taxonomy":"product_tag","embeddable":true,"href":"https:\/\/alfadescanso.com\/index.php\/wp-json\/wp\/v2\/product_tag?post=331"}],"curies":[{"name":"wp","href":"https:\/\/api.w.org\/{rel}","templated":true}]}}