{"id":1348,"date":"2025-09-30T10:26:59","date_gmt":"2025-09-30T08:26:59","guid":{"rendered":"https:\/\/alfadescanso.com\/?post_type=product&#038;p=1348"},"modified":"2025-09-30T10:31:21","modified_gmt":"2025-09-30T08:31:21","slug":"morfeo","status":"publish","type":"product","link":"https:\/\/alfadescanso.com\/index.php\/producto\/morfeo\/","title":{"rendered":"MORFEO"},"content":{"rendered":"<p class=\"MsoNormal\"><b><span style=\"font-family: Montserrat;\">N\u00facleo<\/span><\/b><span style=\"font-family: Montserrat;\">: HR + viscografeno.<\/span><\/p>\n<p class=\"MsoNormal\"><b><span style=\"font-family: Montserrat;\">Altura<\/span><\/b><span style=\"font-family: Montserrat;\">: +\/- 28 cm.<\/span><\/p>\n<p class=\"MsoNormal\"><span style=\"font-family: Montserrat;\">Anti\u00e1caros e hipoalerg\u00e9nico.<\/span><\/p>\n<p class=\"MsoNormal\"><span style=\"font-family: Montserrat;\"><\/span><\/p>\n<p><b><span style=\"font-size: 8.5pt; font-family: Verdana, sans-serif;\"><img loading=\"lazy\" decoding=\"async\" src=\"https:\/\/koraldescanso.com\/img\/cms\/CATALOGO%20KORFLEX\/VEFER.png\" width=\"77\" height=\"77\" alt=\"KOMFORT SAC\u00c7.png\" \/><\/span><\/b><b><span style=\"font-size: 8.5pt; font-family: Verdana, sans-serif;\"><img loading=\"lazy\" decoding=\"async\" src=\"https:\/\/koraldescanso.com\/img\/cms\/Marcas%20de%20Categorias\/Colchones\/comfort_cloud.png\" width=\"77\" height=\"77\" alt=\"FOAM SUPPORT.png\" \/><\/span><\/b><b><span style=\"font-size: 8.5pt; font-family: Verdana, sans-serif;\"><img loading=\"lazy\" decoding=\"async\" src=\"https:\/\/koraldescanso.com\/img\/cms\/Marcas%20de%20Categorias\/Colchones\/tejido_3d.png\" width=\"77\" height=\"77\" alt=\"FOAM SUPPORT.png\" \/><\/span><\/b><b><span style=\"font-size: 8.5pt; font-family: Verdana, sans-serif;\"><img loading=\"lazy\" decoding=\"async\" width=\"77\" height=\"77\" src=\"https:\/\/koraldescanso.com\/img\/cms\/CATALOGO%20KORFLEX\/OEKO%20TEX.png\" alt=\"Imagen que contiene escena, cuarto, firmar, tablaDescripci\u00f3n generada autom\u00e1ticamente\" \/><\/span><\/b><img loading=\"lazy\" decoding=\"async\" src=\"https:\/\/koraldescanso.com\/img\/cms\/Marcas%20de%20Categorias\/Colchones\/ALFA%20QUALITY%20CONTROL.png\" width=\"77\" height=\"77\" alt=\"ALFA QUALITY CONTROL.png\" style=\"color: #333333; font-family: 'PT Sans', sans-serif; font-size: 16px; background-color: #ffffff;\" \/><b><span style=\"font-size: 8.5pt; font-family: Verdana, sans-serif;\"><img loading=\"lazy\" decoding=\"async\" width=\"77\" height=\"77\" src=\"https:\/\/koraldescanso.com\/img\/cms\/CATALOGO%20KORFLEX\/TODOS%20JUNTITOS-20.png\" alt=\"Imagen que contiene escena, cuarto, firmar, tablaDescripci\u00f3n generada autom\u00e1ticamente\" \/><\/span><\/b><\/p>\n","protected":false},"excerpt":{"rendered":"<p class=\"MsoNormal\"><b><span style=\"font-family: 'Segoe UI Emoji', sans-serif;\">\ud83d\udecf\ufe0f\ud83d\udca4<\/span><\/b><b><span style=\"font-family: Montserrat;\"> Descanso terap\u00e9utico con viscografeno y espumaci\u00f3n HR<\/span><\/b><\/p>\n<p><b><\/b><\/p>\n<p><b><\/b><\/p>\n<p class=\"MsoNormal\"><span style=\"font-family: Montserrat;\">El <b>colch\u00f3n MORFEO<\/b> est\u00e1 dise\u00f1ado para ofrecer un descanso saludable y ergon\u00f3mico, ideal para quienes buscan <b>m\u00e1xima adaptabilidad y soporte firme<\/b>. Su n\u00facleo de <b>espumaci\u00f3n HR<\/b> combinado con <b>5 cm de viscografeno<\/b> mejora la distribuci\u00f3n de la presi\u00f3n corporal, favoreciendo la circulaci\u00f3n y reduciendo los puntos de tensi\u00f3n. Con una altura de <b>28 cm<\/b>, es la opci\u00f3n perfecta para un descanso reparador.<\/span><\/p>\n<\/p>\n<p class=\"MsoNormal\"><span style=\"font-family: Montserrat;\"><\/span><\/p>\n<p>\u00a0<\/p>\n<p class=\"MsoNormal\"><b><span style=\"font-family: 'Segoe UI Emoji', sans-serif;\">\ud83d\udcd0<\/span><\/b><b><span style=\"font-family: Montserrat;\"> Medidas disponibles (formato abierto):<\/span><\/b><\/p>\n<p><b><\/b><\/p>\n<p><b><\/b><\/p>\n<p class=\"MsoNormal\"><i><span style=\"font-family: Montserrat;\">(Indica si deseas que incluya medidas est\u00e1ndar o personalizadas, ya que no las especificaste)<\/span><\/i><span style=\"font-family: Montserrat;\"><\/span><\/p>\n<\/p>\n<p class=\"MsoNormal\"><span style=\"font-family: Montserrat;\"><\/span><\/p>\n<p>\u00a0<\/p>\n<p class=\"MsoNormal\"><b><span style=\"font-family: 'Segoe UI Emoji', sans-serif;\">\ud83e\udde0<\/span><\/b><b><span style=\"font-family: Montserrat;\"> Dise\u00f1o ergon\u00f3mico y saludable<\/span><\/b><\/p>\n<p><b><\/b><\/p>\n<p><b><\/b><\/p>\n<ul style=\"margin-top: 0cm;\" type=\"disc\">\n<li class=\"MsoNormal\"><b><span style=\"font-family: Montserrat;\">Adaptabilidad:<\/span><\/b><span style=\"font-family: Montserrat;\"> M\u00e1xima \u2013 Se ajusta perfectamente a la forma del cuerpo.<\/span>\n<\/p>\n<\/li>\n<li class=\"MsoNormal\"><b><span style=\"font-family: Montserrat;\">Firmeza:<\/span><\/b><span style=\"font-family: Montserrat;\"> Media-alta \u2013 Ideal para quienes buscan soporte estable.<\/span>\n<\/p>\n<\/li>\n<li class=\"MsoNormal\"><b><span style=\"font-family: Montserrat;\">Transpirabilidad:<\/span><\/b><span style=\"font-family: Montserrat;\"> Media \u2013 Mantiene una temperatura equilibrada durante el descanso.<\/span>\n<\/p>\n<\/li>\n<\/ul>\n<p class=\"MsoNormal\"><span style=\"font-family: Montserrat;\">Su n\u00facleo con <b>5 cm de viscografeno<\/b> ayuda a mejorar la presi\u00f3n corporal, aportando frescor y confort prolongado.<\/span><\/p>\n<\/p>\n<p class=\"MsoNormal\"><span style=\"font-family: Montserrat;\"><\/span><\/p>\n<p>\u00a0<\/p>\n<p class=\"MsoNormal\"><b><span style=\"font-family: 'Segoe UI Emoji', sans-serif;\">\ud83d\udee0\ufe0f<\/span><\/b><b><span style=\"font-family: Montserrat;\"> Materiales de calidad<\/span><\/b><\/p>\n<p><b><\/b><\/p>\n<p><b><\/b><\/p>\n<ul style=\"margin-top: 0cm;\" type=\"disc\">\n<li class=\"MsoNormal\"><b><span style=\"font-family: Montserrat;\">N\u00facleo:<\/span><\/b><span style=\"font-family: Montserrat;\"> Espumaci\u00f3n HR de alta densidad + capa de 5 cm de viscografeno.<\/span>\n<\/p>\n<\/li>\n<li class=\"MsoNormal\"><b><span style=\"font-family: Montserrat;\">Tejido exterior:<\/span><\/b><span style=\"font-family: Montserrat;\"> Suave, transpirable e hipoalerg\u00e9nico.<\/span>\n<\/p>\n<\/li>\n<li class=\"MsoNormal\"><b><span style=\"font-family: Montserrat;\">Propiedades:<\/span><\/b><span style=\"font-family: Montserrat;\"> Antibacteriano, resistente y f\u00e1cil de mantener.<\/span>\n<\/p>\n<\/li>\n<\/ul>\n<p class=\"MsoNormal\"><span style=\"font-family: Montserrat;\"><\/span><\/p>\n<p>\u00a0<\/p>\n<p class=\"MsoNormal\"><b><span style=\"font-family: 'Segoe UI Emoji', sans-serif;\">\ud83d\udca1<\/span><\/b><b><span style=\"font-family: Montserrat;\"> Ventajas clave<\/span><\/b><\/p>\n<p><b><\/b><\/p>\n<p><b><\/b><\/p>\n<p class=\"MsoNormal\"><span style=\"font-family: 'Segoe UI Emoji', sans-serif;\">\u2705<\/span><span style=\"font-family: Montserrat;\"> Altura de 28 cm para confort superior<br \/><\/span><span style=\"font-family: 'Segoe UI Emoji', sans-serif;\">\u2705<\/span><span style=\"font-family: Montserrat;\"> N<\/span><span style=\"font-family: Montserrat;\">\u00fa<\/span><span style=\"font-family: Montserrat;\">cleo con 5 cm de viscografeno para mejorar la presi<\/span><span style=\"font-family: Montserrat;\">\u00f3<\/span><span style=\"font-family: Montserrat;\">n corporal<br \/><\/span><span style=\"font-family: 'Segoe UI Emoji', sans-serif;\">\u2705<\/span><span style=\"font-family: Montserrat;\"> Adaptabilidad m<\/span><span style=\"font-family: Montserrat;\">\u00e1<\/span><span style=\"font-family: Montserrat;\">xima y firmeza equilibrada<br \/><\/span><span style=\"font-family: 'Segoe UI Emoji', sans-serif;\">\u2705<\/span><span style=\"font-family: Montserrat;\"> Materiales transpirables e hipoalerg<\/span><span style=\"font-family: Montserrat;\">\u00e9<\/span><span style=\"font-family: Montserrat;\">nicos<br \/><\/span><span style=\"font-family: 'Segoe UI Emoji', sans-serif;\">\u2705<\/span><span style=\"font-family: Montserrat;\"> Ideal para descanso saludable y ergon<\/span><span style=\"font-family: Montserrat;\">\u00f3<\/span><span style=\"font-family: Montserrat;\">mico<\/span><\/p>\n<\/p>\n<p class=\"MsoNormal\"><span style=\"font-family: Montserrat;\"><\/span><\/p>\n<p>\u00a0<\/p>\n<p class=\"MsoNormal\"><b><span style=\"font-family: 'Segoe UI Emoji', sans-serif;\">\u2139\ufe0f<\/span><\/b><b><span style=\"font-family: Montserrat;\"> Informaci\u00f3n sobre env\u00edo<\/span><\/b><\/p>\n<p><b><\/b><\/p>\n<p><b><\/b><\/p>\n<p class=\"MsoNormal\"><span style=\"font-family: 'Segoe UI Emoji', sans-serif;\">\ud83d\ude9a<\/span><span style=\"font-family: Montserrat;\"> Env\u00edo con total disponibilidad a tienda, cliente final y recogida en nuestros almacenes.<\/span><\/p>\n<\/p>\n<p class=\"MsoNormal\"><span style=\"font-family: Montserrat;\"><\/span><\/p>\n<p>\u00a0<\/p>\n<p class=\"MsoNormal\"><b><span style=\"font-family: 'Segoe UI Emoji', sans-serif;\">\u26a0\ufe0f<\/span><\/b><b><span style=\"font-family: Montserrat;\"> Informaci\u00f3n sobre garant\u00eda<\/span><\/b><\/p>\n<p><b><\/b><\/p>\n<p><b><\/b><\/p>\n<p class=\"MsoNormal\"><span style=\"font-family: Montserrat;\">El producto se env\u00eda embalado y se recomienda <b>no usar objetos punzantes<\/b> al abrirlo, ya que cualquier da\u00f1o ocasionado anular\u00e1 la garant\u00eda.<br \/>Si el producto llega en malas condiciones debido al transporte, <b>debe ser rechazado en el momento de la entrega<\/b>, ya que en caso contrario ser\u00e1 responsabilidad del cliente devolverlo a nuestras instalaciones.<\/span><\/p><\/p>\n","protected":false},"featured_media":1354,"template":"","meta":[],"product_brand":[48],"product_cat":[21,23],"product_tag":[],"class_list":{"0":"post-1348","1":"product","2":"type-product","3":"status-publish","4":"has-post-thumbnail","6":"product_brand-alfa-descanso","7":"product_cat-colchones","8":"product_cat-viscoelasticos","10":"first","11":"instock","12":"shipping-taxable","13":"product-type-simple"},"jetpack_sharing_enabled":true,"_links":{"self":[{"href":"https:\/\/alfadescanso.com\/index.php\/wp-json\/wp\/v2\/product\/1348","targetHints":{"allow":["GET"]}}],"collection":[{"href":"https:\/\/alfadescanso.com\/index.php\/wp-json\/wp\/v2\/product"}],"about":[{"href":"https:\/\/alfadescanso.com\/index.php\/wp-json\/wp\/v2\/types\/product"}],"wp:featuredmedia":[{"embeddable":true,"href":"https:\/\/alfadescanso.com\/index.php\/wp-json\/wp\/v2\/media\/1354"}],"wp:attachment":[{"href":"https:\/\/alfadescanso.com\/index.php\/wp-json\/wp\/v2\/media?parent=1348"}],"wp:term":[{"taxonomy":"product_brand","embeddable":true,"href":"https:\/\/alfadescanso.com\/index.php\/wp-json\/wp\/v2\/product_brand?post=1348"},{"taxonomy":"product_cat","embeddable":true,"href":"https:\/\/alfadescanso.com\/index.php\/wp-json\/wp\/v2\/product_cat?post=1348"},{"taxonomy":"product_tag","embeddable":true,"href":"https:\/\/alfadescanso.com\/index.php\/wp-json\/wp\/v2\/product_tag?post=1348"}],"curies":[{"name":"wp","href":"https:\/\/api.w.org\/{rel}","templated":true}]}}