{"id":1237,"date":"2025-06-23T14:17:01","date_gmt":"2025-06-23T12:17:01","guid":{"rendered":"https:\/\/alfadescanso.com\/?post_type=product&#038;p=1237"},"modified":"2025-12-10T12:46:37","modified_gmt":"2025-12-10T11:46:37","slug":"rubik","status":"publish","type":"product","link":"https:\/\/alfadescanso.com\/index.php\/producto\/rubik\/","title":{"rendered":"RUBIK"},"content":{"rendered":"<p style=\"font-weight: 400;\"><strong>N\u00facleo<\/strong>: HR + viscoel\u00e1stica.<\/p>\n<p style=\"font-weight: 400;\"><strong>Altura<\/strong>: +\/- 26 cm.<\/p>\n<p style=\"font-weight: 400;\">Anti\u00e1caros y antibacterias.<br \/>\n<b><span style=\"font-size: 8.5pt; font-family: Verdana, sans-serif;\"><img loading=\"lazy\" decoding=\"async\" src=\"https:\/\/koraldescanso.com\/img\/cms\/Marcas%20de%20Categorias\/Colchones\/comfort_cloud.png\" alt=\"KOMFORT SAC\u00c7.png\" width=\"77\" height=\"77\" \/><img loading=\"lazy\" decoding=\"async\" src=\"https:\/\/koraldescanso.com\/img\/cms\/Marcas%20de%20Categorias\/Colchones\/tejido_3d.png\" alt=\"VEFER.png\" width=\"77\" height=\"77\" \/><\/span><\/b><b><span style=\"font-size: 8.5pt; font-family: Verdana, sans-serif;\"><img loading=\"lazy\" decoding=\"async\" src=\"https:\/\/koraldescanso.com\/img\/cms\/Marcas%20de%20Categorias\/Colchones\/ALFA%20QUALITY%20CONTROL.png\" alt=\"Imagen que contiene escena, cuarto, firmar, tablaDescripci\u00f3n generada autom\u00e1ticamente\" width=\"77\" height=\"77\" \/><\/span><\/b><b><span style=\"font-size: 8.5pt; font-family: Verdana, sans-serif;\"><img loading=\"lazy\" decoding=\"async\" src=\"https:\/\/koraldescanso.com\/img\/cms\/CATALOGO%20KORFLEX\/TODOS%20JUNTITOS-20.png\" alt=\"Imagen que contiene escena, cuarto, firmar, tablaDescripci\u00f3n generada autom\u00e1ticamente\" width=\"77\" height=\"77\" \/><img loading=\"lazy\" decoding=\"async\" src=\"https:\/\/koraldescanso.com\/img\/cms\/Marcas%20de%20Categorias\/Colchones\/LOGO_OEKO_TEX.png\" alt=\"\" width=\"77\" height=\"77\" \/><\/span><\/b><\/p>\n","protected":false},"excerpt":{"rendered":"<p class=\"MsoNormal\" style=\"margin-bottom: 6.75pt; line-height: normal; background: #FFFFFF;\"><span style=\"font-size: 12pt; font-family: 'PT Sans', sans-serif; color: #333333;\">El colch\u00f3n RUBIK est\u00e1 compuesto por nuestro n\u00facleo de espuma Cloud Comfort Foam\u00ae de alta densidad combinada con una viscoel\u00e1stica adaptable, que ayudan a mantener una correcta postura para dormir. Destaca por su firmeza media y alta transpirabilidad, lo que tambi\u00e9n ayuda a mantener una temperatura \u00f3ptima durante el descanso.<\/span><\/p>\n<p class=\"MsoNormal\" style=\"margin-bottom: 6.75pt; line-height: normal; background: #FFFFFF;\"><span style=\"font-size: 10.5pt; font-family: Montserrat; color: #333333;\">\u00a0<\/span><img loading=\"lazy\" decoding=\"async\" style=\"color: #333333; font-family: 'PT Sans', sans-serif; font-size: 16px; background-color: #ffffff;\" src=\"https:\/\/koraldescanso.com\/img\/cms\/Marcas%20de%20Categorias\/ALFA%20QUALITY%20CONTROL.png\" alt=\"\" width=\"76\" height=\"41\" \/><span style=\"color: #333333; font-family: 'PT Sans', sans-serif; font-size: 16px; background-color: #ffffff;\">\u00a0 \u00a0Este producto est\u00e1 elaborado en nuestras instalaciones pasando por un exhaustivo control de gesti\u00f3n y calidad.<\/span><\/p>\n<p class=\"MsoNormal\" style=\"margin-bottom: 6.75pt; text-align: center; line-height: normal; background: #FFFFFF;\" align=\"center\"><span style=\"font-size: 10.5pt; font-family: Montserrat; color: #333333;\"><img loading=\"lazy\" decoding=\"async\" src=\"https:\/\/koraldescanso.com\/img\/cms\/Colchones\/Colchon-RUBIK-Capas-Texto.jpg\" alt=\"Modelo-02.jpg\" width=\"800\" height=\"800\" \/><\/span><\/p>\n<p class=\"MsoNormal\" style=\"margin-bottom: 6.75pt; text-align: center; line-height: normal; background: #FFFFFF;\" align=\"center\"><span style=\"font-size: 10.5pt; font-family: Montserrat; color: #333333;\">\u00a0<\/span><\/p>\n<p class=\"MsoNormal\" style=\"margin-bottom: 6.75pt; line-height: normal; background: #FFFFFF;\"><span style=\"font-size: 10.5pt; font-family: Montserrat; color: #333333;\">\u00a0<\/span><\/p>\n<p class=\"MsoNormal\" style=\"margin-bottom: 6.75pt; line-height: normal; background: #ffffff;\"><span style=\"color: #000000;\"><b><span style=\"font-size: 14pt; font-family: 'PT Sans', sans-serif;\"><img loading=\"lazy\" decoding=\"async\" src=\"https:\/\/koraldescanso.com\/img\/cms\/Marcas%20de%20Categorias\/Pedidos%20Negativo.png\" alt=\"Pedidos Negativo.png\" width=\"60\" height=\"60\" \/>Informaci\u00f3n sobre env\u00edo<\/span><\/b><\/span><\/p>\n<p><span style=\"color: #000000;\"><img loading=\"lazy\" decoding=\"async\" style=\"font-family: Montserrat; font-size: 18.6667px;\" src=\"https:\/\/koraldescanso.com\/img\/cms\/FABRICACION.png\" alt=\"LogotipoDescripci\u00f3n generada autom\u00e1ticamente con confianza media\" width=\"41\" height=\"37\" \/><span style=\"font-family: 'PT Sans', sans-serif; font-size: 16px; background-color: #ffffff;\">Fabricaci\u00f3n en menos de 24h laborables.<\/span><\/span><\/p>\n<p class=\"MsoNormal\" style=\"margin-bottom: 12pt; line-height: normal; background: #ffffff;\"><span style=\"color: #000000;\"><span style=\"font-size: 14pt; font-family: Montserrat;\"><img loading=\"lazy\" decoding=\"async\" src=\"https:\/\/koraldescanso.com\/img\/cms\/TRANSPORTE.png\" alt=\"LogotipoDescripci\u00f3n generada autom\u00e1ticamente con confianza media\" width=\"41\" height=\"37\" \/><\/span><span style=\"font-size: 12pt; font-family: 'PT Sans', sans-serif;\">Env\u00edo con total disponibilidad a tienda, cliente final y recogida en nuestros almacenes.<\/span><\/span><\/p>\n<p class=\"MsoNormal\" style=\"margin-bottom: 12pt; line-height: normal; background: #ffffff;\"><span style=\"color: #000000;\"><span style=\"font-size: 14pt; font-family: Montserrat;\"><img loading=\"lazy\" decoding=\"async\" src=\"https:\/\/koraldescanso.com\/img\/cms\/ENTREGAS.png\" alt=\"LogotipoDescripci\u00f3n generada autom\u00e1ticamente con confianza media\" width=\"41\" height=\"35\" \/><\/span><span style=\"font-size: 12pt; font-family: 'PT Sans', sans-serif;\">Entrega en 48\/72h laborables.<\/span><\/span><\/p>\n<p class=\"MsoNormal\" style=\"margin-bottom: 12pt; line-height: normal; background: #ffffff;\"><span style=\"color: #000000;\"><span style=\"font-size: 12pt; font-family: 'PT Sans', sans-serif;\"><span style=\"font-size: 12pt;\"><img loading=\"lazy\" decoding=\"async\" src=\"https:\/\/koraldescanso.com\/img\/cms\/Marcas%20de%20Categorias\/Logo%20EXPRESS%20KORAL.png\" alt=\"EXPRESS_KORAL\" width=\"63\" height=\"15\" \/><\/span><span style=\"font-size: 12pt;\">\u00a0<b>\u00a1Producto<\/b>\u00a0<\/span><span style=\"color: #7cd320;\"><b><span style=\"font-size: 12pt;\">disponible<\/span><\/b><\/span><b style=\"font-family: Verdana, Arial, Helvetica, sans-serif; font-size: 11px; background-color: #fafbfc;\"><span style=\"font-size: 12pt; font-family: 'PT Sans', sans-serif;\">\u00a0para env\u00edo con Express KORAL!<\/span><\/b><\/span><\/span><\/p>\n<p class=\"MsoNormal\" style=\"line-height: normal;\"><span style=\"font-size: 8.5pt; font-family: Verdana, sans-serif; color: #000000;\">\u00a0<\/span><\/p>\n<p class=\"MsoNormal\" style=\"margin-bottom: 6.75pt; line-height: normal; background: #ffffff;\"><span style=\"color: #000000;\"><b><span style=\"font-size: 14pt; font-family: 'PT Sans', sans-serif;\"><img loading=\"lazy\" decoding=\"async\" src=\"https:\/\/koraldescanso.com\/img\/cms\/Marcas%20de%20Categorias\/Postventa%20Negativo.png\" alt=\"\" width=\"60\" height=\"60\" \/>Informaci\u00f3n sobre garant\u00eda<\/span><\/b><\/span><\/p>\n<p class=\"MsoNormal\" style=\"margin-bottom: 6.75pt; line-height: normal; background: #ffffff;\"><span style=\"font-family: 'PT Sans', sans-serif; font-size: 16px; color: #000000;\">El colch\u00f3n se env\u00eda embalado y se recomienda no usar ning\u00fan tipo de objeto punzante a la hora de abrirlo ya que en el caso de producir alg\u00fan corte en la superficie del producto, quedar\u00e1 desestimado por parte de la garant\u00eda de fabricaci\u00f3n.\u00a0<\/span><\/p>\n<p class=\"MsoNormal\" style=\"margin-bottom: 6.75pt; line-height: normal; background: #ffffff;\"><span style=\"font-size: 12pt; font-family: 'PT Sans', sans-serif; color: #000000;\">Es imprescindible que, si el producto llega en malas condiciones debido al transporte, sea rechazado, ya que en ese caso ser\u00e1 siempre responsabilidad del cliente el devolverlo a nuestras instalaciones.<\/span><\/p>\n<p class=\"MsoNormal\" style=\"margin-bottom: 6.75pt; line-height: normal; background: #ffffff;\"><span style=\"font-size: 12pt; font-family: 'PT Sans', sans-serif; color: #000000;\">Al utilizarse tejidos para su fabricaci\u00f3n, tal y como indica la normativa europea UNE-EN Est\u00e1ndar 1334 para su presentaci\u00f3n final, puede haber una diferencia m\u00e1xima de +\/- 2 cm del tama\u00f1o original.<\/span><\/p>\n","protected":false},"featured_media":1239,"template":"","meta":[],"product_brand":[],"product_cat":[21,23],"product_tag":[],"class_list":{"0":"post-1237","1":"product","2":"type-product","3":"status-publish","4":"has-post-thumbnail","6":"product_cat-colchones","7":"product_cat-viscoelasticos","9":"first","10":"instock","11":"shipping-taxable","12":"product-type-simple"},"jetpack_sharing_enabled":true,"_links":{"self":[{"href":"https:\/\/alfadescanso.com\/index.php\/wp-json\/wp\/v2\/product\/1237","targetHints":{"allow":["GET"]}}],"collection":[{"href":"https:\/\/alfadescanso.com\/index.php\/wp-json\/wp\/v2\/product"}],"about":[{"href":"https:\/\/alfadescanso.com\/index.php\/wp-json\/wp\/v2\/types\/product"}],"wp:featuredmedia":[{"embeddable":true,"href":"https:\/\/alfadescanso.com\/index.php\/wp-json\/wp\/v2\/media\/1239"}],"wp:attachment":[{"href":"https:\/\/alfadescanso.com\/index.php\/wp-json\/wp\/v2\/media?parent=1237"}],"wp:term":[{"taxonomy":"product_brand","embeddable":true,"href":"https:\/\/alfadescanso.com\/index.php\/wp-json\/wp\/v2\/product_brand?post=1237"},{"taxonomy":"product_cat","embeddable":true,"href":"https:\/\/alfadescanso.com\/index.php\/wp-json\/wp\/v2\/product_cat?post=1237"},{"taxonomy":"product_tag","embeddable":true,"href":"https:\/\/alfadescanso.com\/index.php\/wp-json\/wp\/v2\/product_tag?post=1237"}],"curies":[{"name":"wp","href":"https:\/\/api.w.org\/{rel}","templated":true}]}}